{"id":2841,"date":"2022-07-15T02:43:57","date_gmt":"2022-07-15T02:43:57","guid":{"rendered":"https:\/\/parentpossible.org\/?page_id=2841"},"modified":"2026-01-23T22:05:03","modified_gmt":"2026-01-23T22:05:03","slug":"equity","status":"publish","type":"page","link":"https:\/\/parentpossible.org\/es\/about-us\/equity\/","title":{"rendered":"Equidad"},"content":{"rendered":"<p>[et_pb_section fb_built=&#8221;1&#8243; admin_label=&#8221;section&#8221; _builder_version=&#8221;4.17.4&#8243; custom_padding=&#8221;5px||||false|false&#8221; global_colors_info=&#8221;{}&#8221;][et_pb_row _builder_version=&#8221;4.17.4&#8243; _module_preset=&#8221;default&#8221; global_colors_info=&#8221;{}&#8221;][et_pb_column type=&#8221;4_4&#8243; _builder_version=&#8221;4.17.4&#8243; _module_preset=&#8221;default&#8221; global_colors_info=&#8221;{}&#8221;][et_pb_text admin_label=&#8221;Equity Header&#8221; _builder_version=&#8221;4.17.4&#8243; _module_preset=&#8221;default&#8221; global_colors_info=&#8221;{}&#8221;]<\/p>\n<h2><strong>Nuestro Compromiso de Equidad<\/strong><\/h2>\n<p>[\/et_pb_text][\/et_pb_column][\/et_pb_row][et_pb_row admin_label=&#8221;row&#8221; _builder_version=&#8221;4.17.4&#8243; background_size=&#8221;initial&#8221; background_position=&#8221;top_left&#8221; background_repeat=&#8221;repeat&#8221; custom_margin=&#8221;-19px|auto||auto||&#8221; custom_padding=&#8221;29px|||16px||&#8221; global_colors_info=&#8221;{}&#8221;][et_pb_column type=&#8221;4_4&#8243; _builder_version=&#8221;4.16&#8243; custom_padding=&#8221;|||&#8221; global_colors_info=&#8221;{}&#8221; custom_padding__hover=&#8221;|||&#8221;][et_pb_text _builder_version=&#8221;4.17.4&#8243; _module_preset=&#8221;default&#8221; custom_padding=&#8221;|||0px||&#8221; global_colors_info=&#8221;{}&#8221;]<\/p>\n<p>Parent Possible desarroll\u00f3 el siguiente compromiso de equidad para examinar y guiar nuestras pol\u00edticas, procesos y trabajo dentro de la comunidad en general.<\/p>\n<p><em>Creemos que todos los padres tienen el potencial de ser los primeros y m\u00e1s influyentes maestros de sus hijos. Sin embargo, reconocemos que las formas hist\u00f3ricas y sist\u00e9micas de opresi\u00f3n hacen que esto sea m\u00e1s dif\u00edcil de lograr para algunos, y el legado y el impacto continuo de estos sistemas perjudican el bienestar de las familias con ni\u00f1os peque\u00f1os. Como organizaci\u00f3n, nos comprometemos a trabajar por una sociedad m\u00e1s justa promoviendo pol\u00edticas, pr\u00e1cticas y prioridades que desmantelen los sistemas de racismo, sexismo, clasismo, homofobia, transfobia, capacitismo y sentimiento antiinmigrante.<\/em><\/p>\n<p>Para alcanzar nuestra misi\u00f3n de equipar a los padres con las herramientas y la informaci\u00f3n para que sean los maestros, entrenadores y mentores m\u00e1s valiosos de sus hijos, debemos enfrentar las barreras sist\u00e9micas y la opresi\u00f3n. Con ese fin, nos comprometemos a:<\/p>\n<p>&nbsp;<\/p>\n<h5>Pol\u00edticas, Sistemas y Programas<\/h5>\n<p>\u2022 Reconocer y eliminar las desigualdades impl\u00edcitas en nuestras pol\u00edticas, sistemas y programas, o promovidas por ellos.<br \/>\u2022 Incorporar principios de equidad en todo nuestro trabajo interno y program\u00e1tico.<br \/>\u2022 Avanzar y abogar por pol\u00edticas y pr\u00e1cticas p\u00fablicas, privadas y filantr\u00f3picas que promuevan la equidad y una sociedad m\u00e1s justa. Cuestionaremos los sistemas y pol\u00edticas que crean o fomentan la inequidad, la opresi\u00f3n y la disparidad.<br \/>\u2022 Cultivar asociaciones y priorizar el desarrollo del sitio dentro de las comunidades sobrecargadas y de escasos recursos de Colorado en todo el estado.<\/p>\n<h5><\/h5>\n<h5>Contrataci\u00f3n\/ Liderazgo\u00a0<\/h5>\n<p>\u2022 Desafiar nuestras propias suposiciones sobre lo que se necesita para ser un candidato, empleado o l\u00edder calificado dentro de nuestra organizaci\u00f3n, considerando el legado de racismo, sexismo, capacitismo y otros factores que tradicionalmente han limitado el acceso a posiciones de poder.<br \/>\u2022 Desarrollar activamente una cartera diversa de candidatos y l\u00edderes mediante la expansi\u00f3n de las comunidades y poblaciones con las que nos relacionamos y buscamos oportunidades de empleo y liderazgo.<\/p>\n<h5><\/h5>\n<h5>Board\u00a0<\/h5>\n<p>\u2022 Abogar y apoyar el compromiso de la Junta en torno a c\u00f3mo las inequidades sist\u00e9micas impactan nuestro trabajo y c\u00f3mo podemos promover la equidad para lograr nuestra misi\u00f3n.<br \/>\u2022 Comprometer los recursos necesarios para alcanzar una mayor diversidad dentro de nuestra Junta espec\u00edficamente enfocada en la diversidad racial, \u00e9tnica y geogr\u00e1fica, as\u00ed como una diversidad de experiencias vividas.<\/p>\n<h5><\/h5>\n<h5>Aprendizaje Continuo y Reflexi\u00f3n<\/h5>\n<p>\u2022 Continuar desarrollando la capacidad de respuesta cultural en toda la organizaci\u00f3n y el trabajo mediante la creaci\u00f3n de oportunidades de aprendizaje formales e informales y una cultura organizacional que promueva la educaci\u00f3n y el crecimiento continuos.<br \/>\u2022 Promover, organizar y brindar capacitaciones, conversaciones y sesiones de conferencias sobre temas relacionados con la equidad.<br \/>\u2022 Revisar continuamente pol\u00edticas, decisiones y pr\u00e1cticas clave en funci\u00f3n de nuestro aprendizaje y comprensi\u00f3n continuos.<\/p>\n<p>&nbsp;<\/p>\n<p><em>Abordamos este trabajo comprendiendo el alcance del desaf\u00edo que tenemos por delante. A veces, no alcanzaremos nuestras metas y cometeremos errores, pero aprenderemos, nos ajustaremos y continuaremos trabajando por una sociedad m\u00e1s justa. Nos comprometemos a asumir este trabajo con valent\u00eda, un sentido de optimismo y compromiso para sostener estos esfuerzos.<\/em><\/p>\n<p>[\/et_pb_text][\/et_pb_column][\/et_pb_row][\/et_pb_section]<\/p>","protected":false},"excerpt":{"rendered":"<p>Our Equity CommitmentParent Possible developed the following equity commitment to examine and guide our policies, processes, and work within the broader community. We believe every parent has the potential to be their child\u2019s first \u2013 and most influential \u2013 teacher. However, we recognize that historical and systemic forms of oppression make this harder for some [&hellip;]<\/p>","protected":false},"author":5,"featured_media":2921,"parent":9,"menu_order":0,"comment_status":"closed","ping_status":"closed","template":"","meta":{"_et_pb_use_builder":"on","_et_pb_old_content":"","_et_gb_content_width":"","footnotes":""},"class_list":["post-2841","page","type-page","status-publish","has-post-thumbnail","hentry"],"yoast_head":"<!-- This site is optimized with the Yoast SEO plugin v26.8 - https:\/\/yoast.com\/product\/yoast-seo-wordpress\/ -->\n<title>Equity - Parent Possible<\/title>\n<meta name=\"description\" content=\"Equity is a core value at Parent Possible. We stand committed to creating a more fair, equitable Colorado that helps all children thrive\" \/>\n<meta name=\"robots\" content=\"index, follow, max-snippet:-1, max-image-preview:large, max-video-preview:-1\" \/>\n<link rel=\"canonical\" href=\"https:\/\/parentpossible.org\/es\/about-us\/equity\/\" \/>\n<meta property=\"og:locale\" content=\"es_ES\" \/>\n<meta property=\"og:type\" content=\"article\" \/>\n<meta property=\"og:title\" content=\"Equity - Parent Possible\" \/>\n<meta property=\"og:description\" content=\"Equity is a core value at Parent Possible. We stand committed to creating a more fair, equitable Colorado that helps all children thrive\" \/>\n<meta property=\"og:url\" content=\"https:\/\/parentpossible.org\/es\/about-us\/equity\/\" \/>\n<meta property=\"og:site_name\" content=\"Parent Possible\" \/>\n<meta property=\"article:modified_time\" content=\"2026-01-23T22:05:03+00:00\" \/>\n<meta property=\"og:image\" content=\"https:\/\/parentpossible.org\/wp-content\/uploads\/2022\/08\/PP-Hero-Images-0016.jpg\" \/>\n\t<meta property=\"og:image:width\" content=\"1650\" \/>\n\t<meta property=\"og:image:height\" content=\"664\" \/>\n\t<meta property=\"og:image:type\" content=\"image\/jpeg\" \/>\n<meta name=\"twitter:card\" content=\"summary_large_image\" \/>\n<meta name=\"twitter:label1\" content=\"Tiempo de lectura\" \/>\n\t<meta name=\"twitter:data1\" content=\"3 minutos\" \/>\n<script type=\"application\/ld+json\" class=\"yoast-schema-graph\">{\"@context\":\"https:\/\/schema.org\",\"@graph\":[{\"@type\":\"WebPage\",\"@id\":\"https:\/\/parentpossible.org\/about-us\/equity\/\",\"url\":\"https:\/\/parentpossible.org\/about-us\/equity\/\",\"name\":\"Equity - Parent Possible\",\"isPartOf\":{\"@id\":\"https:\/\/parentpossible.org\/#website\"},\"primaryImageOfPage\":{\"@id\":\"https:\/\/parentpossible.org\/about-us\/equity\/#primaryimage\"},\"image\":{\"@id\":\"https:\/\/parentpossible.org\/about-us\/equity\/#primaryimage\"},\"thumbnailUrl\":\"https:\/\/parentpossible.org\/wp-content\/uploads\/2022\/08\/PP-Hero-Images-0016.jpg\",\"datePublished\":\"2022-07-15T02:43:57+00:00\",\"dateModified\":\"2026-01-23T22:05:03+00:00\",\"description\":\"Equity is a core value at Parent Possible. We stand committed to creating a more fair, equitable Colorado that helps all children thrive\",\"breadcrumb\":{\"@id\":\"https:\/\/parentpossible.org\/about-us\/equity\/#breadcrumb\"},\"inLanguage\":\"es\",\"potentialAction\":[{\"@type\":\"ReadAction\",\"target\":[\"https:\/\/parentpossible.org\/about-us\/equity\/\"]}]},{\"@type\":\"ImageObject\",\"inLanguage\":\"es\",\"@id\":\"https:\/\/parentpossible.org\/about-us\/equity\/#primaryimage\",\"url\":\"https:\/\/parentpossible.org\/wp-content\/uploads\/2022\/08\/PP-Hero-Images-0016.jpg\",\"contentUrl\":\"https:\/\/parentpossible.org\/wp-content\/uploads\/2022\/08\/PP-Hero-Images-0016.jpg\",\"width\":1650,\"height\":664,\"caption\":\"Family (mom and dad with baby) sitting in living room laughing as baby is learning to walk\"},{\"@type\":\"BreadcrumbList\",\"@id\":\"https:\/\/parentpossible.org\/about-us\/equity\/#breadcrumb\",\"itemListElement\":[{\"@type\":\"ListItem\",\"position\":1,\"name\":\"Home\",\"item\":\"https:\/\/parentpossible.org\/\"},{\"@type\":\"ListItem\",\"position\":2,\"name\":\"About Us\",\"item\":\"https:\/\/parentpossible.org\/about-us\/\"},{\"@type\":\"ListItem\",\"position\":3,\"name\":\"Equity\"}]},{\"@type\":\"WebSite\",\"@id\":\"https:\/\/parentpossible.org\/#website\",\"url\":\"https:\/\/parentpossible.org\/\",\"name\":\"Parent Possible\",\"description\":\"Stronger Families, Today and Tomorrow\",\"potentialAction\":[{\"@type\":\"SearchAction\",\"target\":{\"@type\":\"EntryPoint\",\"urlTemplate\":\"https:\/\/parentpossible.org\/?s={search_term_string}\"},\"query-input\":{\"@type\":\"PropertyValueSpecification\",\"valueRequired\":true,\"valueName\":\"search_term_string\"}}],\"inLanguage\":\"es\"}]}<\/script>\n<!-- \/ Yoast SEO plugin. -->","yoast_head_json":{"title":"Equity - Parent Possible","description":"Equity is a core value at Parent Possible. We stand committed to creating a more fair, equitable Colorado that helps all children thrive","robots":{"index":"index","follow":"follow","max-snippet":"max-snippet:-1","max-image-preview":"max-image-preview:large","max-video-preview":"max-video-preview:-1"},"canonical":"https:\/\/parentpossible.org\/es\/about-us\/equity\/","og_locale":"es_ES","og_type":"article","og_title":"Equity - Parent Possible","og_description":"Equity is a core value at Parent Possible. We stand committed to creating a more fair, equitable Colorado that helps all children thrive","og_url":"https:\/\/parentpossible.org\/es\/about-us\/equity\/","og_site_name":"Parent Possible","article_modified_time":"2026-01-23T22:05:03+00:00","og_image":[{"width":1650,"height":664,"url":"https:\/\/parentpossible.org\/wp-content\/uploads\/2022\/08\/PP-Hero-Images-0016.jpg","type":"image\/jpeg"}],"twitter_card":"summary_large_image","twitter_misc":{"Tiempo de lectura":"3 minutos"},"schema":{"@context":"https:\/\/schema.org","@graph":[{"@type":"WebPage","@id":"https:\/\/parentpossible.org\/about-us\/equity\/","url":"https:\/\/parentpossible.org\/about-us\/equity\/","name":"Equity - Parent Possible","isPartOf":{"@id":"https:\/\/parentpossible.org\/#website"},"primaryImageOfPage":{"@id":"https:\/\/parentpossible.org\/about-us\/equity\/#primaryimage"},"image":{"@id":"https:\/\/parentpossible.org\/about-us\/equity\/#primaryimage"},"thumbnailUrl":"https:\/\/parentpossible.org\/wp-content\/uploads\/2022\/08\/PP-Hero-Images-0016.jpg","datePublished":"2022-07-15T02:43:57+00:00","dateModified":"2026-01-23T22:05:03+00:00","description":"Equity is a core value at Parent Possible. We stand committed to creating a more fair, equitable Colorado that helps all children thrive","breadcrumb":{"@id":"https:\/\/parentpossible.org\/about-us\/equity\/#breadcrumb"},"inLanguage":"es","potentialAction":[{"@type":"ReadAction","target":["https:\/\/parentpossible.org\/about-us\/equity\/"]}]},{"@type":"ImageObject","inLanguage":"es","@id":"https:\/\/parentpossible.org\/about-us\/equity\/#primaryimage","url":"https:\/\/parentpossible.org\/wp-content\/uploads\/2022\/08\/PP-Hero-Images-0016.jpg","contentUrl":"https:\/\/parentpossible.org\/wp-content\/uploads\/2022\/08\/PP-Hero-Images-0016.jpg","width":1650,"height":664,"caption":"Family (mom and dad with baby) sitting in living room laughing as baby is learning to walk"},{"@type":"BreadcrumbList","@id":"https:\/\/parentpossible.org\/about-us\/equity\/#breadcrumb","itemListElement":[{"@type":"ListItem","position":1,"name":"Home","item":"https:\/\/parentpossible.org\/"},{"@type":"ListItem","position":2,"name":"About Us","item":"https:\/\/parentpossible.org\/about-us\/"},{"@type":"ListItem","position":3,"name":"Equity"}]},{"@type":"WebSite","@id":"https:\/\/parentpossible.org\/#website","url":"https:\/\/parentpossible.org\/","name":"Parent Possible","description":"Stronger Families, Today and Tomorrow","potentialAction":[{"@type":"SearchAction","target":{"@type":"EntryPoint","urlTemplate":"https:\/\/parentpossible.org\/?s={search_term_string}"},"query-input":{"@type":"PropertyValueSpecification","valueRequired":true,"valueName":"search_term_string"}}],"inLanguage":"es"}]}},"_links":{"self":[{"href":"https:\/\/parentpossible.org\/es\/wp-json\/wp\/v2\/pages\/2841","targetHints":{"allow":["GET"]}}],"collection":[{"href":"https:\/\/parentpossible.org\/es\/wp-json\/wp\/v2\/pages"}],"about":[{"href":"https:\/\/parentpossible.org\/es\/wp-json\/wp\/v2\/types\/page"}],"author":[{"embeddable":true,"href":"https:\/\/parentpossible.org\/es\/wp-json\/wp\/v2\/users\/5"}],"replies":[{"embeddable":true,"href":"https:\/\/parentpossible.org\/es\/wp-json\/wp\/v2\/comments?post=2841"}],"version-history":[{"count":10,"href":"https:\/\/parentpossible.org\/es\/wp-json\/wp\/v2\/pages\/2841\/revisions"}],"predecessor-version":[{"id":6108,"href":"https:\/\/parentpossible.org\/es\/wp-json\/wp\/v2\/pages\/2841\/revisions\/6108"}],"up":[{"embeddable":true,"href":"https:\/\/parentpossible.org\/es\/wp-json\/wp\/v2\/pages\/9"}],"wp:featuredmedia":[{"embeddable":true,"href":"https:\/\/parentpossible.org\/es\/wp-json\/wp\/v2\/media\/2921"}],"wp:attachment":[{"href":"https:\/\/parentpossible.org\/es\/wp-json\/wp\/v2\/media?parent=2841"}],"curies":[{"name":"wp","href":"https:\/\/api.w.org\/{rel}","templated":true}]}}