{"id":2865,"date":"2022-07-26T03:57:26","date_gmt":"2022-07-26T03:57:26","guid":{"rendered":"https:\/\/parentpossible.org\/?page_id=2865"},"modified":"2026-04-02T16:52:33","modified_gmt":"2026-04-02T16:52:33","slug":"hippy-for-parents","status":"publish","type":"page","link":"https:\/\/parentpossible.org\/es\/for-parents\/hippy-for-parents\/","title":{"rendered":"HIPPY Para Padres"},"content":{"rendered":"<p>[et_pb_section fb_built=&#8221;1&#8243; admin_label=&#8221;section&#8221; _builder_version=&#8221;4.16&#8243; global_colors_info=&#8221;{}&#8221; theme_builder_area=&#8221;post_content&#8221;][et_pb_row admin_label=&#8221;row&#8221; _builder_version=&#8221;4.16&#8243; background_size=&#8221;initial&#8221; background_position=&#8221;top_left&#8221; background_repeat=&#8221;repeat&#8221; global_colors_info=&#8221;{}&#8221; theme_builder_area=&#8221;post_content&#8221;][et_pb_column type=&#8221;4_4&#8243; _builder_version=&#8221;4.16&#8243; custom_padding=&#8221;|||&#8221; global_colors_info=&#8221;{}&#8221; custom_padding__hover=&#8221;|||&#8221; theme_builder_area=&#8221;post_content&#8221;][et_pb_text _builder_version=&#8221;4.17.4&#8243; _module_preset=&#8221;default&#8221; global_colors_info=&#8221;{}&#8221; theme_builder_area=&#8221;post_content&#8221;]<\/p>\n<h2><strong>\u00bfQu\u00e9 es HIPPY?<\/strong><\/h2>\n<p>La Instrucci\u00f3n en el Hogar para Padres de Ni\u00f1os en Edad Preescolar<a href=\"https:\/\/parentpossible.org\/es\/hippy\/\">HIPPY<\/a>) is a kindergarten readiness program for families with children 2 through 5.<\/p>\n<p>HIPPY is built on the belief that parents are a child\u2019s first and most important teachers, and that learning begins at home.<\/p>\n<p>Through HIPPY, trained home visitors\u2014often parents from your own community\u2014come alongside you to support your family\u2019s journey. They meet with you each week in your home, virtually, or in a community location that works best for you. During these visits, they provide curriculum, materials, and guidance to help you support your child\u2019s growth and learning.<\/p>\n<p>Together, you\u2019ll explore a thoughtfully designed curriculum that uses everyday moments as opportunities for learning. Home visitors will model and practice fun, play-based activities with you that you can continue at home with your child. These activities help build your child\u2019s confidence and strengthen their cognitive, early literacy, social-emotional, and physical development.<\/p>\n<p>Children also receive assessments along the way to help track their progress and celebrate their growth toward school readiness.<\/p>\n<p><a href=\"https:\/\/parentpossible.org\/es\/map\/\">Haga clic aqu\u00ed para encontrar un sitio HIPPY cerca de usted.<\/a><\/p>\n<p>&nbsp;<\/p>\n<p>[\/et_pb_text][et_pb_text _builder_version=&#8221;4.17.4&#8243; _module_preset=&#8221;default&#8221; custom_margin=&#8221;-50px||||false|false&#8221; global_colors_info=&#8221;{}&#8221; theme_builder_area=&#8221;post_content&#8221;]<\/p>\n<p>Visits can take place in your home, virtually, or in a community space that feels comfortable and convenient for you.<\/p>\n<p>HIPPY includes weekly visits, with each session lasting approximately 60 minutes. These consistent visits help build strong relationships and support ongoing learning.<\/p>\n<p>&nbsp;<\/p>\n<table style=\"height: 476px; border-collapse: collapse; width: 100%;\" border=\"1\" width=\"100%\">\n<tbody>\n<tr style=\"height: 47px;\">\n<td style=\"width: 251.297px; height: 47px;\">\n<h6>\u00bfPara qui\u00e9n es?<\/h6>\n<\/td>\n<td style=\"width: 698.703px; height: 47px;\">HIPPY is for preschool-aged children (ages 2, 3, 4, and 5) and their parents or caregivers who want to support their child\u2019s early learning and development.<\/td>\n<\/tr>\n<tr style=\"height: 10px;\">\n<td style=\"width: 251.297px; height: 10px;\">\n<h6>\u00bfCu\u00e1nto cuesta?<\/h6>\n<\/td>\n<td style=\"width: 698.703px; height: 10px;\">HIPPY is offered at no cost to parents, foster and kinship caregivers, grandparents, and anyone caring for a child in their custody.<\/td>\n<\/tr>\n<tr style=\"height: 47px;\">\n<td style=\"width: 251.297px; height: 17px;\">\n<h6>\u00bfCon qu\u00e9 frecuencia nos reunimos?<\/h6>\n<\/td>\n<td style=\"width: 698.703px; height: 17px;\">Semanalmente. Cada visita es de aproximadamente 60 minutos.<\/td>\n<\/tr>\n<tr style=\"height: 10px;\">\n<td style=\"width: 251.297px; height: 10px;\">\n<h6>\u00bfA d\u00f3nde voy para las visitas?<\/h6>\n<\/td>\n<td style=\"width: 698.703px; height: 10px;\">Los servicios se brindan en su hogar, virtualmente o en un lugar comunitario conveniente para usted.<\/td>\n<\/tr>\n<tr style=\"height: 95px;\">\n<td style=\"width: 251.297px; height: 95px;\">\n<h6>\u00bfEn qu\u00e9 ayudan los educadores de padres?<\/h6>\n<\/td>\n<td style=\"width: 698.703px; height: 95px;\">\n<p>Your home visitor walks alongside you as a guide and partner. Together, you\u2019ll explore activities from a structured curriculum designed to support your child\u2019s readiness for school.<\/p>\n<p>Your home visitor will model and practice activities with you that you can use in your everyday routines. These activities help strengthen your child\u2019s:<\/p>\n<ul>\n<li>Cognitive skills<\/li>\n<li>Early literacy skills<\/li>\n<li>Social-emotional development<\/li>\n<li>Physical development<\/li>\n<\/ul>\n<p>Each activity is designed to be engaging, meaningful, and fun!<\/p>\n<\/td>\n<\/tr>\n<tr style=\"height: 246px;\">\n<td style=\"width: 251.297px; height: 226px;\">\n<h6>\u00bfQu\u00e9 debo esperar?<\/h6>\n<\/td>\n<td style=\"width: 698.703px; height: 226px;\">\n<ul>\n<li>30 weekly lessons designed to support your child\u2019s early learning and school readiness<\/li>\n<li>Free curriculum and supplies, including children\u2019s books, crayons, scissors, and learning materials<\/li>\n<li>Story-based activities that help build early literacy and a lifelong love of learning<\/li>\n<li>Opportunities to connect with other parents through monthly group meetings and community activities such as story times, field trips, and family picnics<\/li>\n<\/ul>\n<\/td>\n<\/tr>\n<tr style=\"height: 71px;\">\n<td style=\"width: 251.297px; height: 71px;\">\n<h6>\u00bfC\u00f3mo puedo aprender m\u00e1s?<\/h6>\n<\/td>\n<td style=\"width: 698.703px; height: 71px;\">Si est\u00e1 interesado en obtener m\u00e1s informaci\u00f3n relacionada con el desarrollo de su hijo y le gustar\u00eda prepararlo para el \u00e9xito en la escuela \u2013 haga clic <a href=\"https:\/\/parentpossible.org\/es\/hippy\/locations\/\">AQU\u00cd<\/a> para encontrar un programa en su \u00e1rea.<\/td>\n<\/tr>\n<\/tbody>\n<\/table>\n<p>&nbsp;<\/p>\n<p><a href=\"https:\/\/parentpossible.org\/es\/hippy-testimonials\/\">Lea lo que dicen los padres que participan en HIPPY sobre el programa<\/a><\/p>\n<p>&nbsp;<\/p>\n<p>&nbsp;<\/p>\n<p>[\/et_pb_text][\/et_pb_column][\/et_pb_row][\/et_pb_section]<\/p>","protected":false},"excerpt":{"rendered":"<p>What is HIPPY? Home Instruction for Parents of Preschool Youngsters (HIPPY) is a kindergarten readiness program for families with children 2 through 5. HIPPY is built on the belief that parents are a child\u2019s first and most important teachers, and that learning begins at home. Through HIPPY, trained home visitors\u2014often parents from your own community\u2014come [&hellip;]<\/p>","protected":false},"author":5,"featured_media":2907,"parent":2712,"menu_order":0,"comment_status":"closed","ping_status":"closed","template":"","meta":{"_et_pb_use_builder":"on","_et_pb_old_content":"","_et_gb_content_width":"","footnotes":""},"class_list":["post-2865","page","type-page","status-publish","has-post-thumbnail","hentry"],"yoast_head":"<!-- This site is optimized with the Yoast SEO plugin v26.8 - https:\/\/yoast.com\/product\/yoast-seo-wordpress\/ -->\n<title>HIPPY for Parents - Parent Possible<\/title>\n<meta name=\"robots\" content=\"index, follow, max-snippet:-1, max-image-preview:large, max-video-preview:-1\" \/>\n<link rel=\"canonical\" href=\"https:\/\/parentpossible.org\/es\/for-parents\/hippy-for-parents\/\" \/>\n<meta property=\"og:locale\" content=\"es_ES\" \/>\n<meta property=\"og:type\" content=\"article\" \/>\n<meta property=\"og:title\" content=\"HIPPY for Parents - Parent Possible\" \/>\n<meta property=\"og:description\" content=\"What is HIPPY? Home Instruction for Parents of Preschool Youngsters (HIPPY) is a kindergarten readiness program for families with children 2 through 5. HIPPY is built on the belief that parents are a child\u2019s first and most important teachers, and that learning begins at home. Through HIPPY, trained home visitors\u2014often parents from your own community\u2014come [&hellip;]\" \/>\n<meta property=\"og:url\" content=\"https:\/\/parentpossible.org\/es\/for-parents\/hippy-for-parents\/\" \/>\n<meta property=\"og:site_name\" content=\"Parent Possible\" \/>\n<meta property=\"article:modified_time\" content=\"2026-04-02T16:52:33+00:00\" \/>\n<meta property=\"og:image\" content=\"https:\/\/parentpossible.org\/wp-content\/uploads\/2022\/08\/PP-Hero-Images-0010.jpg\" \/>\n\t<meta property=\"og:image:width\" content=\"1650\" \/>\n\t<meta property=\"og:image:height\" content=\"664\" \/>\n\t<meta property=\"og:image:type\" content=\"image\/jpeg\" \/>\n<meta name=\"twitter:card\" content=\"summary_large_image\" \/>\n<meta name=\"twitter:label1\" content=\"Tiempo de lectura\" \/>\n\t<meta name=\"twitter:data1\" content=\"3 minutos\" \/>\n<script type=\"application\/ld+json\" class=\"yoast-schema-graph\">{\"@context\":\"https:\/\/schema.org\",\"@graph\":[{\"@type\":\"WebPage\",\"@id\":\"https:\/\/parentpossible.org\/for-parents\/hippy-for-parents\/\",\"url\":\"https:\/\/parentpossible.org\/for-parents\/hippy-for-parents\/\",\"name\":\"HIPPY for Parents - Parent Possible\",\"isPartOf\":{\"@id\":\"https:\/\/parentpossible.org\/#website\"},\"primaryImageOfPage\":{\"@id\":\"https:\/\/parentpossible.org\/for-parents\/hippy-for-parents\/#primaryimage\"},\"image\":{\"@id\":\"https:\/\/parentpossible.org\/for-parents\/hippy-for-parents\/#primaryimage\"},\"thumbnailUrl\":\"https:\/\/parentpossible.org\/wp-content\/uploads\/2022\/08\/PP-Hero-Images-0010.jpg\",\"datePublished\":\"2022-07-26T03:57:26+00:00\",\"dateModified\":\"2026-04-02T16:52:33+00:00\",\"breadcrumb\":{\"@id\":\"https:\/\/parentpossible.org\/for-parents\/hippy-for-parents\/#breadcrumb\"},\"inLanguage\":\"es\",\"potentialAction\":[{\"@type\":\"ReadAction\",\"target\":[\"https:\/\/parentpossible.org\/for-parents\/hippy-for-parents\/\"]}]},{\"@type\":\"ImageObject\",\"inLanguage\":\"es\",\"@id\":\"https:\/\/parentpossible.org\/for-parents\/hippy-for-parents\/#primaryimage\",\"url\":\"https:\/\/parentpossible.org\/wp-content\/uploads\/2022\/08\/PP-Hero-Images-0010.jpg\",\"contentUrl\":\"https:\/\/parentpossible.org\/wp-content\/uploads\/2022\/08\/PP-Hero-Images-0010.jpg\",\"width\":1650,\"height\":664,\"caption\":\"child wearing teal paying attention\"},{\"@type\":\"BreadcrumbList\",\"@id\":\"https:\/\/parentpossible.org\/for-parents\/hippy-for-parents\/#breadcrumb\",\"itemListElement\":[{\"@type\":\"ListItem\",\"position\":1,\"name\":\"Home\",\"item\":\"https:\/\/parentpossible.org\/\"},{\"@type\":\"ListItem\",\"position\":2,\"name\":\"For Parents\",\"item\":\"https:\/\/parentpossible.org\/for-parents\/\"},{\"@type\":\"ListItem\",\"position\":3,\"name\":\"HIPPY for Parents\"}]},{\"@type\":\"WebSite\",\"@id\":\"https:\/\/parentpossible.org\/#website\",\"url\":\"https:\/\/parentpossible.org\/\",\"name\":\"Parent Possible\",\"description\":\"Stronger Families, Today and Tomorrow\",\"potentialAction\":[{\"@type\":\"SearchAction\",\"target\":{\"@type\":\"EntryPoint\",\"urlTemplate\":\"https:\/\/parentpossible.org\/?s={search_term_string}\"},\"query-input\":{\"@type\":\"PropertyValueSpecification\",\"valueRequired\":true,\"valueName\":\"search_term_string\"}}],\"inLanguage\":\"es\"}]}<\/script>\n<!-- \/ Yoast SEO plugin. -->","yoast_head_json":{"title":"HIPPY for Parents - Parent Possible","robots":{"index":"index","follow":"follow","max-snippet":"max-snippet:-1","max-image-preview":"max-image-preview:large","max-video-preview":"max-video-preview:-1"},"canonical":"https:\/\/parentpossible.org\/es\/for-parents\/hippy-for-parents\/","og_locale":"es_ES","og_type":"article","og_title":"HIPPY for Parents - Parent Possible","og_description":"What is HIPPY? Home Instruction for Parents of Preschool Youngsters (HIPPY) is a kindergarten readiness program for families with children 2 through 5. HIPPY is built on the belief that parents are a child\u2019s first and most important teachers, and that learning begins at home. Through HIPPY, trained home visitors\u2014often parents from your own community\u2014come [&hellip;]","og_url":"https:\/\/parentpossible.org\/es\/for-parents\/hippy-for-parents\/","og_site_name":"Parent Possible","article_modified_time":"2026-04-02T16:52:33+00:00","og_image":[{"width":1650,"height":664,"url":"https:\/\/parentpossible.org\/wp-content\/uploads\/2022\/08\/PP-Hero-Images-0010.jpg","type":"image\/jpeg"}],"twitter_card":"summary_large_image","twitter_misc":{"Tiempo de lectura":"3 minutos"},"schema":{"@context":"https:\/\/schema.org","@graph":[{"@type":"WebPage","@id":"https:\/\/parentpossible.org\/for-parents\/hippy-for-parents\/","url":"https:\/\/parentpossible.org\/for-parents\/hippy-for-parents\/","name":"HIPPY for Parents - Parent Possible","isPartOf":{"@id":"https:\/\/parentpossible.org\/#website"},"primaryImageOfPage":{"@id":"https:\/\/parentpossible.org\/for-parents\/hippy-for-parents\/#primaryimage"},"image":{"@id":"https:\/\/parentpossible.org\/for-parents\/hippy-for-parents\/#primaryimage"},"thumbnailUrl":"https:\/\/parentpossible.org\/wp-content\/uploads\/2022\/08\/PP-Hero-Images-0010.jpg","datePublished":"2022-07-26T03:57:26+00:00","dateModified":"2026-04-02T16:52:33+00:00","breadcrumb":{"@id":"https:\/\/parentpossible.org\/for-parents\/hippy-for-parents\/#breadcrumb"},"inLanguage":"es","potentialAction":[{"@type":"ReadAction","target":["https:\/\/parentpossible.org\/for-parents\/hippy-for-parents\/"]}]},{"@type":"ImageObject","inLanguage":"es","@id":"https:\/\/parentpossible.org\/for-parents\/hippy-for-parents\/#primaryimage","url":"https:\/\/parentpossible.org\/wp-content\/uploads\/2022\/08\/PP-Hero-Images-0010.jpg","contentUrl":"https:\/\/parentpossible.org\/wp-content\/uploads\/2022\/08\/PP-Hero-Images-0010.jpg","width":1650,"height":664,"caption":"child wearing teal paying attention"},{"@type":"BreadcrumbList","@id":"https:\/\/parentpossible.org\/for-parents\/hippy-for-parents\/#breadcrumb","itemListElement":[{"@type":"ListItem","position":1,"name":"Home","item":"https:\/\/parentpossible.org\/"},{"@type":"ListItem","position":2,"name":"For Parents","item":"https:\/\/parentpossible.org\/for-parents\/"},{"@type":"ListItem","position":3,"name":"HIPPY for Parents"}]},{"@type":"WebSite","@id":"https:\/\/parentpossible.org\/#website","url":"https:\/\/parentpossible.org\/","name":"Parent Possible","description":"Stronger Families, Today and Tomorrow","potentialAction":[{"@type":"SearchAction","target":{"@type":"EntryPoint","urlTemplate":"https:\/\/parentpossible.org\/?s={search_term_string}"},"query-input":{"@type":"PropertyValueSpecification","valueRequired":true,"valueName":"search_term_string"}}],"inLanguage":"es"}]}},"_links":{"self":[{"href":"https:\/\/parentpossible.org\/es\/wp-json\/wp\/v2\/pages\/2865","targetHints":{"allow":["GET"]}}],"collection":[{"href":"https:\/\/parentpossible.org\/es\/wp-json\/wp\/v2\/pages"}],"about":[{"href":"https:\/\/parentpossible.org\/es\/wp-json\/wp\/v2\/types\/page"}],"author":[{"embeddable":true,"href":"https:\/\/parentpossible.org\/es\/wp-json\/wp\/v2\/users\/5"}],"replies":[{"embeddable":true,"href":"https:\/\/parentpossible.org\/es\/wp-json\/wp\/v2\/comments?post=2865"}],"version-history":[{"count":9,"href":"https:\/\/parentpossible.org\/es\/wp-json\/wp\/v2\/pages\/2865\/revisions"}],"predecessor-version":[{"id":6149,"href":"https:\/\/parentpossible.org\/es\/wp-json\/wp\/v2\/pages\/2865\/revisions\/6149"}],"up":[{"embeddable":true,"href":"https:\/\/parentpossible.org\/es\/wp-json\/wp\/v2\/pages\/2712"}],"wp:featuredmedia":[{"embeddable":true,"href":"https:\/\/parentpossible.org\/es\/wp-json\/wp\/v2\/media\/2907"}],"wp:attachment":[{"href":"https:\/\/parentpossible.org\/es\/wp-json\/wp\/v2\/media?parent=2865"}],"curies":[{"name":"wp","href":"https:\/\/api.w.org\/{rel}","templated":true}]}}