{"id":29,"date":"2016-09-21T03:30:53","date_gmt":"2016-09-21T03:30:53","guid":{"rendered":"https:\/\/parentpossible.org\/?page_id=29"},"modified":"2022-09-16T20:04:40","modified_gmt":"2022-09-16T20:04:40","slug":"pat-impact","status":"publish","type":"page","link":"https:\/\/parentpossible.org\/es\/pat\/pat-impact\/","title":{"rendered":"Impacto de PAT"},"content":{"rendered":"<p>[et_pb_section fb_built=&#8221;1&#8243; _builder_version=&#8221;4.16&#8243; global_colors_info=&#8221;{}&#8221; theme_builder_area=&#8221;post_content&#8221;][et_pb_row _builder_version=&#8221;4.16&#8243; background_size=&#8221;initial&#8221; background_position=&#8221;top_left&#8221; background_repeat=&#8221;repeat&#8221; global_colors_info=&#8221;{}&#8221; theme_builder_area=&#8221;post_content&#8221;][et_pb_column type=&#8221;4_4&#8243; _builder_version=&#8221;4.16&#8243; custom_padding=&#8221;|||&#8221; global_colors_info=&#8221;{}&#8221; custom_padding__hover=&#8221;|||&#8221; theme_builder_area=&#8221;post_content&#8221;][et_pb_text _builder_version=&#8221;4.17.4&#8243; _module_preset=&#8221;default&#8221; global_colors_info=&#8221;{}&#8221; theme_builder_area=&#8221;post_content&#8221;]<\/p>\n<h2><strong>Impacto comprobado de PAT<\/strong><\/h2>\n<p>Se han realizado m\u00e1s de una docena de estudios de resultados sobre los efectos del modelo Parents as Teachers. Las evaluaciones han contado con el apoyo de diversos estados, distritos escolares, fundaciones privadas, universidades y organizaciones de investigaci\u00f3n. Con cada nueva evaluaci\u00f3n, seguimos aprendiendo sobre los ni\u00f1os y las familias atendidas por Parents as Teachers y los impactos a largo plazo en las comunidades.<\/p>\n<p>Results show:<\/p>\n<p>[\/et_pb_text][\/et_pb_column][\/et_pb_row][et_pb_row column_structure=&#8221;2_5,3_5&#8243; _builder_version=&#8221;4.17.4&#8243; background_color=&#8221;#4CB3C2&#8243; background_image=&#8221;https:\/\/parentpossible.org\/wp-content\/uploads\/2022\/09\/Asset-8.png&#8221; background_position=&#8221;center_left&#8221; background_horizontal_offset=&#8221;72%&#8221; hover_enabled=&#8221;0&#8243; locked=&#8221;off&#8221; global_colors_info=&#8221;{}&#8221; theme_builder_area=&#8221;post_content&#8221; background_last_edited=&#8221;on|desktop&#8221; background_enable_image_phone=&#8221;off&#8221; background_color_phone=&#8221;#FFFFFF&#8221; background_enable_color_phone=&#8221;on&#8221; sticky_enabled=&#8221;0&#8243;][et_pb_column type=&#8221;2_5&#8243; _builder_version=&#8221;4.17.4&#8243; custom_padding=&#8221;|||&#8221; hover_enabled=&#8221;0&#8243; global_colors_info=&#8221;{}&#8221; custom_padding__hover=&#8221;|||&#8221; theme_builder_area=&#8221;post_content&#8221; background_last_edited=&#8221;on|phone&#8221; background_color_phone=&#8221;#4CB3C2&#8243; background_enable_color_phone=&#8221;on&#8221; sticky_enabled=&#8221;0&#8243;][\/et_pb_column][et_pb_column type=&#8221;3_5&#8243; _builder_version=&#8221;4.16&#8243; custom_padding=&#8221;|||&#8221; global_colors_info=&#8221;{}&#8221; custom_padding__hover=&#8221;|||&#8221; theme_builder_area=&#8221;post_content&#8221;][et_pb_text _builder_version=&#8221;4.17.4&#8243; text_text_color=&#8221;#FFFFFF&#8221; text_line_height=&#8221;1.3em&#8221; background_size=&#8221;initial&#8221; background_position=&#8221;top_left&#8221; background_repeat=&#8221;repeat&#8221; custom_margin=&#8221;|5px||-40px|false|false&#8221; custom_padding=&#8221;||5px||false|false&#8221; hover_enabled=&#8221;0&#8243; text_text_shadow_style=&#8221;preset5&#8243; text_text_shadow_color=&#8221;#000000&#8243; header_text_shadow_style=&#8221;preset5&#8243; header_text_shadow_color=&#8221;#FFFFFF&#8221; global_colors_info=&#8221;{}&#8221; theme_builder_area=&#8221;post_content&#8221; content_last_edited=&#8221;on|phone&#8221; text_text_color_last_edited=&#8221;on|phone&#8221; text_text_color_phone=&#8221;#888D8D&#8221; sticky_enabled=&#8221;0&#8243; content_tablet=&#8221;<\/p>\n<h4><strong>Prevents abuse and neglect<\/strong><\/h4>\n<p>Parents as Teachers children had a 22 percent decreased likelihood of child maltreatment substantiations compared to children not in Parents as Teachers. <a href=\"\/es\/%22\/#1%22\">(1)<\/a><\/p>\n<p>&#8221; content_phone=&#8221;<\/p>\n<h4><strong>Prevents abuse and neglect<\/strong><\/h4>\n<p>Parents as Teachers children had a 22 percent decreased likelihood of child maltreatment substantiations compared to children not in Parents as Teachers. <a href=\"\/es\/%22\/#1%22\">(1)<\/a><\/p>\n<p>&#8221; text_text_color_tablet=&#8221;#FFFFFF&#8221;]<\/p>\n<h4><strong>Prevents abuse and neglect<\/strong><\/h4>\n<p>Parents as Teachers children had a 22 percent decreased likelihood of child maltreatment substantiations compared to children not in Parents as Teachers. <a href=\"#1\">(1)<\/a><\/p>\n<p>[\/et_pb_text][et_pb_text _builder_version=&#8221;4.17.4&#8243; text_text_color=&#8221;#FFFFFF&#8221; text_line_height=&#8221;1.3em&#8221; background_size=&#8221;initial&#8221; background_position=&#8221;top_left&#8221; background_repeat=&#8221;repeat&#8221; custom_margin=&#8221;|5px||-40px|false|false&#8221; custom_padding=&#8221;||5px||false|false&#8221; hover_enabled=&#8221;0&#8243; text_text_shadow_style=&#8221;preset5&#8243; text_text_shadow_color=&#8221;#000000&#8243; header_text_shadow_style=&#8221;preset5&#8243; header_text_shadow_color=&#8221;#FFFFFF&#8221; global_colors_info=&#8221;{}&#8221; theme_builder_area=&#8221;post_content&#8221; text_text_color_last_edited=&#8221;on|desktop&#8221; text_text_color_phone=&#8221;#888D8D&#8221; sticky_enabled=&#8221;0&#8243; text_text_color_tablet=&#8221;#FFFFFF&#8221;]<\/p>\n<h4><strong>Families are more likely to promote children\u2019s language and literacy<\/strong><\/h4>\n<p>PAT parents are more likely to read and sing to their children, promote reading, and have more books in the home. More than 75% of parents in PAT reported taking their child to the library regularly. <a href=\"#2\">(2,3,4,5)<\/a><\/p>\n<p>[\/et_pb_text][et_pb_text admin_label=&#8221;Text&#8221; _builder_version=&#8221;4.17.4&#8243; text_text_color=&#8221;#FFFFFF&#8221; text_line_height=&#8221;1.3em&#8221; background_size=&#8221;initial&#8221; background_position=&#8221;top_left&#8221; background_repeat=&#8221;repeat&#8221; custom_margin=&#8221;|5px||-40px|false|false&#8221; custom_padding=&#8221;||5px||false|false&#8221; hover_enabled=&#8221;0&#8243; text_text_shadow_style=&#8221;preset5&#8243; text_text_shadow_color=&#8221;#000000&#8243; header_text_shadow_style=&#8221;preset5&#8243; header_text_shadow_color=&#8221;#FFFFFF&#8221; global_colors_info=&#8221;{}&#8221; theme_builder_area=&#8221;post_content&#8221; text_text_color_last_edited=&#8221;on|phone&#8221; text_text_color_phone=&#8221;#888D8D&#8221; sticky_enabled=&#8221;0&#8243; text_text_color_tablet=&#8221;#FFFFFF&#8221;]<\/p>\n<h4><strong>Parents improve their parenting knowledge and skills<\/strong><\/h4>\n<p>PAT parents showed significant improvements in parent knowledge, behavior and attitudes. <a href=\"#6\">(6)<\/a> Teen mothers showed greater improvement in knowledge about discipline. <a href=\"#7\">(7)<\/a><\/p>\n<p>[\/et_pb_text][et_pb_text admin_label=&#8221;Text&#8221; _builder_version=&#8221;4.17.4&#8243; text_text_color=&#8221;#FFFFFF&#8221; text_line_height=&#8221;1.3em&#8221; background_size=&#8221;initial&#8221; background_position=&#8221;top_left&#8221; background_repeat=&#8221;repeat&#8221; custom_margin=&#8221;|5px||-40px|false|false&#8221; custom_padding=&#8221;||5px||false|false&#8221; hover_enabled=&#8221;0&#8243; text_text_shadow_style=&#8221;preset5&#8243; text_text_shadow_color=&#8221;#000000&#8243; header_text_shadow_style=&#8221;preset5&#8243; header_text_shadow_color=&#8221;#FFFFFF&#8221; global_colors_info=&#8221;{}&#8221; theme_builder_area=&#8221;post_content&#8221; text_text_color_last_edited=&#8221;on|phone&#8221; text_text_color_phone=&#8221;#888D8D&#8221; sticky_enabled=&#8221;0&#8243; text_text_color_tablet=&#8221;#FFFFFF&#8221;]<\/p>\n<h4><strong>Children enter kindergarten ready to learn and the achievement gap is narrowed<\/strong><\/h4>\n<p><strong>PAT improves school readiness, virtually eliminating the achievement gap normally observed between children living in poverty and their more affluent peers<\/strong>. <a href=\"#8\">(8)<\/a> Children in Parents as Teachers scored higher on standardized measures of reading, math and language at kindergarten entry and later grades.<\/p>\n<p>[\/et_pb_text][et_pb_text admin_label=&#8221;Text&#8221; _builder_version=&#8221;4.17.4&#8243; text_text_color=&#8221;#FFFFFF&#8221; text_line_height=&#8221;1.3em&#8221; background_size=&#8221;initial&#8221; background_position=&#8221;top_left&#8221; background_repeat=&#8221;repeat&#8221; custom_margin=&#8221;|5px||-40px|false|false&#8221; custom_padding=&#8221;||5px||false|false&#8221; hover_enabled=&#8221;0&#8243; text_text_shadow_style=&#8221;preset5&#8243; text_text_shadow_color=&#8221;#000000&#8243; header_text_shadow_style=&#8221;preset5&#8243; header_text_shadow_color=&#8221;#FFFFFF&#8221; global_colors_info=&#8221;{}&#8221; theme_builder_area=&#8221;post_content&#8221; text_text_color_last_edited=&#8221;on|phone&#8221; text_text_color_phone=&#8221;#888D8D&#8221; sticky_enabled=&#8221;0&#8243; text_text_color_tablet=&#8221;#FFFFFF&#8221;]<\/p>\n<h4><strong>Parents are more involved in their children\u2019s schooling<\/strong><\/h4>\n<p>PAT parents are more likely to attend school events, volunteer in the classroom, talk with their children\u2019s teacher and help with homework. <a href=\"#4\">(4<\/a><a href=\"#8\">, 8)<\/a><\/p>\n<p>[\/et_pb_text][\/et_pb_column][\/et_pb_row][et_pb_row _builder_version=&#8221;4.17.4&#8243; _module_preset=&#8221;default&#8221; global_colors_info=&#8221;{}&#8221; theme_builder_area=&#8221;post_content&#8221;][et_pb_column type=&#8221;4_4&#8243; _builder_version=&#8221;4.17.4&#8243; _module_preset=&#8221;default&#8221; global_colors_info=&#8221;{}&#8221; theme_builder_area=&#8221;post_content&#8221;][et_pb_text _builder_version=&#8221;4.17.4&#8243; _module_preset=&#8221;default&#8221; text_font_size=&#8221;10px&#8221; text_line_height=&#8221;1.3em&#8221; global_colors_info=&#8221;{}&#8221; theme_builder_area=&#8221;post_content&#8221;]<\/p>\n<p id=\"1\">1. Chaiyachati, B., Gaither, J., Hughes, M., Foley-Schain, K., &amp; Leventhal, J. (2018). Preventing child maltreatment: Examination of an established statewide home-visiting program. Journal of Child Abuse and Neglect, 49, 476-484.<\/p>\n<p id=\"2\">2 Wagner, M., Spiker, D. &#038; Linn, M.I. (2002). The effectiveness of the Parents as Teachers program with low-income parents and children. Topics in Early Childhood Special Education, 22(2), 67-81.<br \/>\n3 Pfannenstiel, J., Lambson, T., &#038; Yarnell, V. (1996). The Parents as Teachers program: Longitudinal follow-up to the second wave study. Overland Park, KS: Research &#038; Training Associates.<\/p>\n<p id =\"4\">4 Albritton, S., Klotz, J., &#038; Roberson, T. (2004). The effects of participating in a Parents as Teachers program on parental involvement in the learning process at school and home. E-Journal of Teaching and Learning in Diverse Settings, 1(2), 188-208.<\/p>\n<p>5 Pfannenstiel, J. (2015). Evaluation of the I3 validation of improving education outcomes for American Indian children. Research and Training Associates, Inc. Kansas City, KS.<\/p>\n<p id=\"6\">6 Wagner, M., Iida, E., &#038; Spiker, D. (2001). The multisite evaluation of the Parents as Teachers home visiting program: Three-year findings from Winston-Salem, NC. Menlo Park, CA: SRI International.<\/p>\n<p id =\"7\">7 Wagner, M. Gerlach-Downes. (1996). Intervention in support of adolescent parents and their children: Findings from the Parents as Teachers demonstration. Menlo Park, CA: SRI International.<\/p>\n<p id =\"8\">8 Zigler, E., Pfannenstiel, J., &#038; Seitz, V. (2008). The Parents as Teachers program and school success: A replication and extension. Journal of Primary Prevention, 29, 103-120.<\/p>\n<p>[\/et_pb_text][\/et_pb_column][\/et_pb_row][\/et_pb_section]<\/p>","protected":false},"excerpt":{"rendered":"<p>PAT&#8217;s Proven Impact More than a dozen outcome studies have been conducted on the effects of the Parents as Teachers model. Evaluations have been supported by various states, school districts, private foundations, universities, and research organizations. With each new evaluation, we continue to learn about the children and families served by Parents as Teachers and [&hellip;]<\/p>","protected":false},"author":1,"featured_media":2916,"parent":25,"menu_order":0,"comment_status":"closed","ping_status":"closed","template":"","meta":{"_et_pb_use_builder":"on","_et_pb_old_content":"<p>PAT is an evidence-based program model that has been tested using rigorous research designs including:<\/p><ul><li>Randomized controlled trials<\/li><li>Quasi-experimental methods<\/li><li>Published findings in peer-reviewed journals<\/li><\/ul><p>Research has proven PAT to have statistically significant impacts<br \/>and sustained effects ranging from:<\/p><ul><li>Increased parent knowledge of early childhood development<\/li><li>Prevention of child abuse and neglect<\/li><li>Early detection of developmental delays<\/li><li>Increased school readiness and school success<\/li><\/ul><p>A recent study published in the Journal of Primary Prevention confirms that PAT measurably improves school readiness, virtually eliminating the achievement gap normally observed between poor children and their more affluent peers at the point of kindergarten entry, and that gap continued to be narrowed in the third grade.<\/p><p>(See: Zigler, Pfannenstiel, Seitz (2008). The Parents as Teachers program and school success: A replication and extension. Journal of Primary Prevention, 29, 103-120.)<\/p>","_et_gb_content_width":"","footnotes":""},"class_list":["post-29","page","type-page","status-publish","has-post-thumbnail","hentry"],"yoast_head":"<!-- This site is optimized with the Yoast SEO plugin v26.8 - https:\/\/yoast.com\/product\/yoast-seo-wordpress\/ -->\n<title>PAT Impact - Parent Possible<\/title>\n<meta name=\"robots\" content=\"index, follow, max-snippet:-1, max-image-preview:large, max-video-preview:-1\" \/>\n<link rel=\"canonical\" href=\"https:\/\/parentpossible.org\/es\/pat\/pat-impact\/\" \/>\n<meta property=\"og:locale\" content=\"es_ES\" \/>\n<meta property=\"og:type\" content=\"article\" \/>\n<meta property=\"og:title\" content=\"PAT Impact - Parent Possible\" \/>\n<meta property=\"og:description\" content=\"PAT&#039;s Proven Impact More than a dozen outcome studies have been conducted on the effects of the Parents as Teachers model. Evaluations have been supported by various states, school districts, private foundations, universities, and research organizations. With each new evaluation, we continue to learn about the children and families served by Parents as Teachers and [&hellip;]\" \/>\n<meta property=\"og:url\" content=\"https:\/\/parentpossible.org\/es\/pat\/pat-impact\/\" \/>\n<meta property=\"og:site_name\" content=\"Parent Possible\" \/>\n<meta property=\"article:modified_time\" content=\"2022-09-16T20:04:40+00:00\" \/>\n<meta property=\"og:image\" content=\"https:\/\/parentpossible.org\/wp-content\/uploads\/2022\/08\/PP-Hero-Images-0001.jpg\" \/>\n\t<meta property=\"og:image:width\" content=\"1650\" \/>\n\t<meta property=\"og:image:height\" content=\"664\" \/>\n\t<meta property=\"og:image:type\" content=\"image\/jpeg\" \/>\n<meta name=\"twitter:card\" content=\"summary_large_image\" \/>\n<meta name=\"twitter:label1\" content=\"Tiempo de lectura\" \/>\n\t<meta name=\"twitter:data1\" content=\"6 minutos\" \/>\n<script type=\"application\/ld+json\" class=\"yoast-schema-graph\">{\"@context\":\"https:\/\/schema.org\",\"@graph\":[{\"@type\":\"WebPage\",\"@id\":\"https:\/\/parentpossible.org\/pat\/pat-impact\/\",\"url\":\"https:\/\/parentpossible.org\/pat\/pat-impact\/\",\"name\":\"PAT Impact - Parent Possible\",\"isPartOf\":{\"@id\":\"https:\/\/parentpossible.org\/#website\"},\"primaryImageOfPage\":{\"@id\":\"https:\/\/parentpossible.org\/pat\/pat-impact\/#primaryimage\"},\"image\":{\"@id\":\"https:\/\/parentpossible.org\/pat\/pat-impact\/#primaryimage\"},\"thumbnailUrl\":\"https:\/\/parentpossible.org\/wp-content\/uploads\/2022\/08\/PP-Hero-Images-0001.jpg\",\"datePublished\":\"2016-09-21T03:30:53+00:00\",\"dateModified\":\"2022-09-16T20:04:40+00:00\",\"breadcrumb\":{\"@id\":\"https:\/\/parentpossible.org\/pat\/pat-impact\/#breadcrumb\"},\"inLanguage\":\"es\",\"potentialAction\":[{\"@type\":\"ReadAction\",\"target\":[\"https:\/\/parentpossible.org\/pat\/pat-impact\/\"]}]},{\"@type\":\"ImageObject\",\"inLanguage\":\"es\",\"@id\":\"https:\/\/parentpossible.org\/pat\/pat-impact\/#primaryimage\",\"url\":\"https:\/\/parentpossible.org\/wp-content\/uploads\/2022\/08\/PP-Hero-Images-0001.jpg\",\"contentUrl\":\"https:\/\/parentpossible.org\/wp-content\/uploads\/2022\/08\/PP-Hero-Images-0001.jpg\",\"width\":1650,\"height\":664,\"caption\":\"Child making bubbles smiling and parent in the background\"},{\"@type\":\"BreadcrumbList\",\"@id\":\"https:\/\/parentpossible.org\/pat\/pat-impact\/#breadcrumb\",\"itemListElement\":[{\"@type\":\"ListItem\",\"position\":1,\"name\":\"Home\",\"item\":\"https:\/\/parentpossible.org\/\"},{\"@type\":\"ListItem\",\"position\":2,\"name\":\"Parents as Teachers\",\"item\":\"https:\/\/parentpossible.org\/pat\/\"},{\"@type\":\"ListItem\",\"position\":3,\"name\":\"PAT Impact\"}]},{\"@type\":\"WebSite\",\"@id\":\"https:\/\/parentpossible.org\/#website\",\"url\":\"https:\/\/parentpossible.org\/\",\"name\":\"Parent Possible\",\"description\":\"Stronger Families, Today and Tomorrow\",\"potentialAction\":[{\"@type\":\"SearchAction\",\"target\":{\"@type\":\"EntryPoint\",\"urlTemplate\":\"https:\/\/parentpossible.org\/?s={search_term_string}\"},\"query-input\":{\"@type\":\"PropertyValueSpecification\",\"valueRequired\":true,\"valueName\":\"search_term_string\"}}],\"inLanguage\":\"es\"}]}<\/script>\n<!-- \/ Yoast SEO plugin. -->","yoast_head_json":{"title":"PAT Impact - Parent Possible","robots":{"index":"index","follow":"follow","max-snippet":"max-snippet:-1","max-image-preview":"max-image-preview:large","max-video-preview":"max-video-preview:-1"},"canonical":"https:\/\/parentpossible.org\/es\/pat\/pat-impact\/","og_locale":"es_ES","og_type":"article","og_title":"PAT Impact - Parent Possible","og_description":"PAT's Proven Impact More than a dozen outcome studies have been conducted on the effects of the Parents as Teachers model. Evaluations have been supported by various states, school districts, private foundations, universities, and research organizations. With each new evaluation, we continue to learn about the children and families served by Parents as Teachers and [&hellip;]","og_url":"https:\/\/parentpossible.org\/es\/pat\/pat-impact\/","og_site_name":"Parent Possible","article_modified_time":"2022-09-16T20:04:40+00:00","og_image":[{"width":1650,"height":664,"url":"https:\/\/parentpossible.org\/wp-content\/uploads\/2022\/08\/PP-Hero-Images-0001.jpg","type":"image\/jpeg"}],"twitter_card":"summary_large_image","twitter_misc":{"Tiempo de lectura":"6 minutos"},"schema":{"@context":"https:\/\/schema.org","@graph":[{"@type":"WebPage","@id":"https:\/\/parentpossible.org\/pat\/pat-impact\/","url":"https:\/\/parentpossible.org\/pat\/pat-impact\/","name":"PAT Impact - Parent Possible","isPartOf":{"@id":"https:\/\/parentpossible.org\/#website"},"primaryImageOfPage":{"@id":"https:\/\/parentpossible.org\/pat\/pat-impact\/#primaryimage"},"image":{"@id":"https:\/\/parentpossible.org\/pat\/pat-impact\/#primaryimage"},"thumbnailUrl":"https:\/\/parentpossible.org\/wp-content\/uploads\/2022\/08\/PP-Hero-Images-0001.jpg","datePublished":"2016-09-21T03:30:53+00:00","dateModified":"2022-09-16T20:04:40+00:00","breadcrumb":{"@id":"https:\/\/parentpossible.org\/pat\/pat-impact\/#breadcrumb"},"inLanguage":"es","potentialAction":[{"@type":"ReadAction","target":["https:\/\/parentpossible.org\/pat\/pat-impact\/"]}]},{"@type":"ImageObject","inLanguage":"es","@id":"https:\/\/parentpossible.org\/pat\/pat-impact\/#primaryimage","url":"https:\/\/parentpossible.org\/wp-content\/uploads\/2022\/08\/PP-Hero-Images-0001.jpg","contentUrl":"https:\/\/parentpossible.org\/wp-content\/uploads\/2022\/08\/PP-Hero-Images-0001.jpg","width":1650,"height":664,"caption":"Child making bubbles smiling and parent in the background"},{"@type":"BreadcrumbList","@id":"https:\/\/parentpossible.org\/pat\/pat-impact\/#breadcrumb","itemListElement":[{"@type":"ListItem","position":1,"name":"Home","item":"https:\/\/parentpossible.org\/"},{"@type":"ListItem","position":2,"name":"Parents as Teachers","item":"https:\/\/parentpossible.org\/pat\/"},{"@type":"ListItem","position":3,"name":"PAT Impact"}]},{"@type":"WebSite","@id":"https:\/\/parentpossible.org\/#website","url":"https:\/\/parentpossible.org\/","name":"Parent Possible","description":"Stronger Families, Today and Tomorrow","potentialAction":[{"@type":"SearchAction","target":{"@type":"EntryPoint","urlTemplate":"https:\/\/parentpossible.org\/?s={search_term_string}"},"query-input":{"@type":"PropertyValueSpecification","valueRequired":true,"valueName":"search_term_string"}}],"inLanguage":"es"}]}},"_links":{"self":[{"href":"https:\/\/parentpossible.org\/es\/wp-json\/wp\/v2\/pages\/29","targetHints":{"allow":["GET"]}}],"collection":[{"href":"https:\/\/parentpossible.org\/es\/wp-json\/wp\/v2\/pages"}],"about":[{"href":"https:\/\/parentpossible.org\/es\/wp-json\/wp\/v2\/types\/page"}],"author":[{"embeddable":true,"href":"https:\/\/parentpossible.org\/es\/wp-json\/wp\/v2\/users\/1"}],"replies":[{"embeddable":true,"href":"https:\/\/parentpossible.org\/es\/wp-json\/wp\/v2\/comments?post=29"}],"version-history":[{"count":17,"href":"https:\/\/parentpossible.org\/es\/wp-json\/wp\/v2\/pages\/29\/revisions"}],"predecessor-version":[{"id":5249,"href":"https:\/\/parentpossible.org\/es\/wp-json\/wp\/v2\/pages\/29\/revisions\/5249"}],"up":[{"embeddable":true,"href":"https:\/\/parentpossible.org\/es\/wp-json\/wp\/v2\/pages\/25"}],"wp:featuredmedia":[{"embeddable":true,"href":"https:\/\/parentpossible.org\/es\/wp-json\/wp\/v2\/media\/2916"}],"wp:attachment":[{"href":"https:\/\/parentpossible.org\/es\/wp-json\/wp\/v2\/media?parent=29"}],"curies":[{"name":"wp","href":"https:\/\/api.w.org\/{rel}","templated":true}]}}