{"id":3302,"date":"2022-09-10T01:58:36","date_gmt":"2022-09-10T01:58:36","guid":{"rendered":"https:\/\/parentpossible.org\/?page_id=3302"},"modified":"2023-11-13T21:43:19","modified_gmt":"2023-11-13T21:43:19","slug":"learn-about-vroom","status":"publish","type":"page","link":"https:\/\/parentpossible.org\/es\/learn-about-vroom\/","title":{"rendered":"Vroom for Parents"},"content":{"rendered":"<p>[et_pb_section fb_built=&#8221;1&#8243; admin_label=&#8221;section&#8221; _builder_version=&#8221;4.16&#8243; global_colors_info=&#8221;{}&#8221;][et_pb_row admin_label=&#8221;row&#8221; _builder_version=&#8221;4.16&#8243; background_size=&#8221;initial&#8221; background_position=&#8221;top_left&#8221; background_repeat=&#8221;repeat&#8221; global_colors_info=&#8221;{}&#8221;][et_pb_column type=&#8221;4_4&#8243; _builder_version=&#8221;4.16&#8243; custom_padding=&#8221;|||&#8221; global_colors_info=&#8221;{}&#8221; custom_padding__hover=&#8221;|||&#8221;][et_pb_text _builder_version=&#8221;4.17.4&#8243; _module_preset=&#8221;default&#8221; global_colors_info=&#8221;{}&#8221;]<\/p>\n<h2><strong>\u00a1Hola, desarrollador del cerebro!<\/strong><\/h2>\n<h4>El cerebro de su ni\u00f1o se desarrolla m\u00e1s r\u00e1pido desde su nacimiento hasta los 5 a\u00f1os.<\/h4>\n<p>Ayudarlo a aprender ahora lo prepara para la escuela, los amigos y la vida. Las Actividades Vroom \u2122 son actividades divertidas, respaldadas por la ciencia, que convierten los momentos cotidianos en Momentos para Desarrollar el Cerebro\u2122 (Brain Building Moments\u2122).<\/p>\n<p><span class=\"TextRun SCXW248381995 BCX0\" lang=\"EN-US\" xml:lang=\"EN-US\" data-contrast=\"auto\"><span class=\"NormalTextRun SCXW248381995 BCX0\">Explore <\/span><\/span><a class=\"Hyperlink SCXW248381995 BCX0\" href=\"https:\/\/www.vroom.org\/\" target=\"_blank\" rel=\"noreferrer noopener\"><span class=\"TextRun Underlined SCXW248381995 BCX0\" lang=\"EN-US\" xml:lang=\"EN-US\" data-contrast=\"none\"><span class=\"NormalTextRun SCXW248381995 BCX0\" data-ccp-charstyle=\"Hyperlink\">Vroom.org<\/span><\/span><\/a><span class=\"TextRun SCXW248381995 BCX0\" lang=\"EN-US\" xml:lang=\"EN-US\" data-contrast=\"auto\"> <span class=\"NormalTextRun SCXW248381995 BCX0\">today and <\/span><span class=\"NormalTextRun SCXW248381995 BCX0\">click here to access Vroom <\/span><span class=\"NormalTextRun SCXW248381995 BCX0\">resources in <\/span><\/span><a class=\"Hyperlink SCXW248381995 BCX0\" href=\"https:\/\/www.vroom.org\/vroom-materials?tab=Vroom%20Tip%20Sheets#PrintableMaterials\" target=\"_blank\" rel=\"noreferrer noopener\"><span class=\"TextRun Underlined SCXW248381995 BCX0\" lang=\"EN-US\" xml:lang=\"EN-US\" data-contrast=\"none\"><span class=\"NormalTextRun SCXW248381995 BCX0\" data-ccp-charstyle=\"Hyperlink\">19 languages<\/span><\/span><\/a><\/p>\n<p>[\/et_pb_text][\/et_pb_column][\/et_pb_row][et_pb_row _builder_version=&#8221;4.17.4&#8243; _module_preset=&#8221;default&#8221; global_colors_info=&#8221;{}&#8221;][et_pb_column type=&#8221;4_4&#8243; _builder_version=&#8221;4.17.4&#8243; _module_preset=&#8221;default&#8221; global_colors_info=&#8221;{}&#8221;][et_pb_text _builder_version=&#8221;4.17.4&#8243; _module_preset=&#8221;default&#8221; global_colors_info=&#8221;{}&#8221;]<\/p>\n<h4>Start using Vroom today<\/h4>\n<p>[\/et_pb_text][\/et_pb_column][\/et_pb_row][et_pb_row column_structure=&#8221;1_3,1_3,1_3&#8243; _builder_version=&#8221;4.17.4&#8243; _module_preset=&#8221;default&#8221; global_colors_info=&#8221;{}&#8221;][et_pb_column type=&#8221;1_3&#8243; _builder_version=&#8221;4.17.4&#8243; _module_preset=&#8221;default&#8221; global_colors_info=&#8221;{}&#8221;][ba_icon_box icon=&#8221;&#xe00b;||divi||400&#8243; title=&#8221;The free Vroom App&#8221; description=&#8221;Discover 1,000+ activities to help your child&#8217;s brain grow strong and learn the science behind each tip. Available in English and Spanish.&#8221; icon_color=&#8221;#4CB3C2&#8243; icon_spacing=&#8221;20px&#8221; _builder_version=&#8221;4.17.4&#8243; _module_preset=&#8221;default&#8221; title_font=&#8221;|700|||||||&#8221; description_text_color=&#8221;#888D8D&#8221; description_font_size=&#8221;16px&#8221; custom_padding=&#8221;5px||5px||false|false&#8221; link_option_url=&#8221;https:\/\/app.vroom.org\/?lng=en&#8221; border_width_all_box=&#8221;0px&#8221; global_colors_info=&#8221;{}&#8221;][\/ba_icon_box][\/et_pb_column][et_pb_column type=&#8221;1_3&#8243; _builder_version=&#8221;4.17.4&#8243; _module_preset=&#8221;default&#8221; global_colors_info=&#8221;{}&#8221;][ba_icon_box icon=&#8221;&#xf086;||fa||900&#8243; title=&#8221;Vroom by Text&#8221; description=&#8221;Help build your child&#8217;s brain with free personalized tips sent by text once a week from Vroom. Text \u201cVroom\u201d to 48258 to get started&#8221; icon_color=&#8221;#4CB3C2&#8243; icon_spacing=&#8221;20px&#8221; _builder_version=&#8221;4.17.4&#8243; _module_preset=&#8221;default&#8221; title_font=&#8221;|700|||||||&#8221; description_text_color=&#8221;#888D8D&#8221; description_font_size=&#8221;16px&#8221; custom_padding=&#8221;5px||5px||false|false&#8221; border_width_all_box=&#8221;0px&#8221; global_colors_info=&#8221;{}&#8221;][\/ba_icon_box][et_pb_text _builder_version=&#8221;4.17.4&#8243; _module_preset=&#8221;default&#8221; text_line_height=&#8221;1em&#8221; custom_margin=&#8221;-20px||||false|false&#8221; global_colors_info=&#8221;{}&#8221;]<\/p>\n<p><span style=\"font-size: xx-small;\">Message and data rates may apply. See <a href=\"http:\/\/www.vroom.org\/terms\">vroom.org\/terms<\/a> para conocer los t\u00e9rminos y la pol\u00edtica de privacidad. Env\u00ede STOP para cancelar)<\/span><\/p>\n<p>[\/et_pb_text][\/et_pb_column][et_pb_column type=&#8221;1_3&#8243; _builder_version=&#8221;4.17.4&#8243; _module_preset=&#8221;default&#8221; global_colors_info=&#8221;{}&#8221;][ba_icon_box icon=&#8221;&#xe09a;||divi||400&#8243; title=&#8221;Vroom Social&#8221; description=&#8221;Click below or search %22Join Vroom%22 on the following platforms:&#8221; icon_color=&#8221;#4CB3C2&#8243; icon_spacing=&#8221;20px&#8221; _builder_version=&#8221;4.17.4&#8243; _module_preset=&#8221;default&#8221; title_font=&#8221;|700|||||||&#8221; description_text_color=&#8221;#888D8D&#8221; description_font_size=&#8221;16px&#8221; custom_padding=&#8221;5px||5px||false|false&#8221; border_width_all_box=&#8221;0px&#8221; global_colors_info=&#8221;{}&#8221;][\/ba_icon_box][et_pb_text _builder_version=&#8221;4.17.4&#8243; _module_preset=&#8221;default&#8221; global_colors_info=&#8221;{}&#8221;]<\/p>\n<p><a href=\"https:\/\/www.instagram.com\/joinvroom\/?hl=en\">\u00a0 \u00a0 <img loading=\"lazy\" decoding=\"async\" class=\"\" src=\"https:\/\/upload.wikimedia.org\/wikipedia\/commons\/thumb\/a\/a5\/Instagram_icon.png\/600px-Instagram_icon.png\" alt=\"File:Instagram icon.png - Wikimedia Commons\" width=\"46\" height=\"46\" \/><\/a> \u00a0<a href=\"https:\/\/www.facebook.com\/joinvroom\/\"><img loading=\"lazy\" decoding=\"async\" class=\"\" src=\"https:\/\/upload.wikimedia.org\/wikipedia\/commons\/thumb\/b\/b8\/2021_Facebook_icon.svg\/2048px-2021_Facebook_icon.svg.png\" alt=\"File:2021 Facebook icon.svg - Wikimedia Commons\" width=\"49\" height=\"49\" \/><\/a> <a href=\"https:\/\/www.youtube.com\/user\/joinvroom\"><img loading=\"lazy\" decoding=\"async\" class=\"\" src=\"https:\/\/upload.wikimedia.org\/wikipedia\/commons\/thumb\/0\/09\/YouTube_full-color_icon_%282017%29.svg\/1024px-YouTube_full-color_icon_%282017%29.svg.png\" alt=\"File:YouTube full-color icon (2017).svg - Wikipedia\" width=\"70\" height=\"48\" \/><\/a><\/p>\n<p>[\/et_pb_text][\/et_pb_column][\/et_pb_row][et_pb_row _builder_version=&#8221;4.17.4&#8243; _module_preset=&#8221;default&#8221; global_colors_info=&#8221;{}&#8221;][et_pb_column type=&#8221;4_4&#8243; _builder_version=&#8221;4.17.4&#8243; _module_preset=&#8221;default&#8221; global_colors_info=&#8221;{}&#8221;][et_pb_divider color=&#8221;#FF5C39&#8243; _builder_version=&#8221;4.17.4&#8243; _module_preset=&#8221;default&#8221; global_colors_info=&#8221;{}&#8221;][\/et_pb_divider][\/et_pb_column][\/et_pb_row][et_pb_row _builder_version=&#8221;4.17.4&#8243; _module_preset=&#8221;default&#8221; global_colors_info=&#8221;{}&#8221;][et_pb_column type=&#8221;4_4&#8243; _builder_version=&#8221;4.17.4&#8243; _module_preset=&#8221;default&#8221; global_colors_info=&#8221;{}&#8221;][et_pb_text _builder_version=&#8221;4.17.4&#8243; _module_preset=&#8221;default&#8221; global_colors_info=&#8221;{}&#8221;]<\/p>\n<h4>Mire nuestros videos favoritos de Vroom<\/h4>\n<p>[\/et_pb_text][\/et_pb_column][\/et_pb_row][et_pb_row column_structure=&#8221;1_3,1_3,1_3&#8243; _builder_version=&#8221;4.17.4&#8243; _module_preset=&#8221;default&#8221; global_colors_info=&#8221;{}&#8221;][et_pb_column type=&#8221;1_3&#8243; _builder_version=&#8221;4.17.4&#8243; _module_preset=&#8221;default&#8221; global_colors_info=&#8221;{}&#8221;][et_pb_text admin_label=&#8221;You have what it takes&#8221; _builder_version=&#8221;4.17.4&#8243; _module_preset=&#8221;default&#8221; header_text_color=&#8221;#FFFFFF&#8221; background_color=&#8221;RGBA(255,255,255,0)&#8221; link_option_url=&#8221;https:\/\/www.youtube.com\/watch?v=PB1Uo9nbIVU&#8221; global_colors_info=&#8221;{}&#8221;]<\/p>\n<p>Usted ya tienes lo que se necesita para ser un Desarrollador del Cerebro<\/p>\n<p>[\/et_pb_text][ba_video_popup image=&#8221;https:\/\/parentpossible.org\/wp-content\/uploads\/2022\/09\/Have-what-it-takes-overlay-1.png&#8221; icon=&#8221;4&#8243; video_link=&#8221;https:\/\/www.youtube.com\/watch?v=PB1Uo9nbIVU&#8221; icon_color=&#8221;#FF5C39&#8243; _builder_version=&#8221;4.17.4&#8243; _module_preset=&#8221;default&#8221; custom_margin=&#8221;-30px||||false|false&#8221; global_colors_info=&#8221;{}&#8221;][\/ba_video_popup][\/et_pb_column][et_pb_column type=&#8221;1_3&#8243; _builder_version=&#8221;4.17.4&#8243; _module_preset=&#8221;default&#8221; global_colors_info=&#8221;{}&#8221;][et_pb_text admin_label=&#8221;Help Young brains grow strong&#8221; _builder_version=&#8221;4.17.4&#8243; _module_preset=&#8221;default&#8221; link_option_url=&#8221;https:\/\/www.youtube.com\/watch?v=1JtNpRDnSfE&#8221; global_colors_info=&#8221;{}&#8221;]<\/p>\n<p>Usando Vroom para Ayudar a que los Cerebros J\u00f3venes se Fortalezcan<\/p>\n<p>[\/et_pb_text][ba_video_popup image=&#8221;https:\/\/parentpossible.org\/wp-content\/uploads\/2022\/09\/Help-Young-Brains-Overlay.png&#8221; icon=&#8221;4&#8243; video_link=&#8221;https:\/\/www.youtube.com\/watch?v=1JtNpRDnSfE&#8221; icon_color=&#8221;#FF5C39&#8243; _builder_version=&#8221;4.17.4&#8243; _module_preset=&#8221;default&#8221; custom_margin=&#8221;-30px||||false|false&#8221; global_colors_info=&#8221;{}&#8221;][\/ba_video_popup][\/et_pb_column][et_pb_column type=&#8221;1_3&#8243; _builder_version=&#8221;4.17.4&#8243; _module_preset=&#8221;default&#8221; global_colors_info=&#8221;{}&#8221;][et_pb_text admin_label=&#8221;Brain building basics&#8221; _builder_version=&#8221;4.17.4&#8243; _module_preset=&#8221;default&#8221; custom_padding=&#8221;||28px||false|false&#8221; link_option_url=&#8221;https:\/\/www.youtube.com\/watch?v=WQNm4ASB7iY&#8221; global_colors_info=&#8221;{}&#8221;]<\/p>\n<p>Fundamentos del Desarrollo del Cerebro<\/p>\n<p>[\/et_pb_text][ba_video_popup image=&#8221;https:\/\/parentpossible.org\/wp-content\/uploads\/2022\/09\/BrainBuilding-Overlay.png&#8221; icon=&#8221;4&#8243; video_link=&#8221;https:\/\/www.youtube.com\/watch?v=WQNm4ASB7iY&#8221; icon_color=&#8221;#FF5C39&#8243; _builder_version=&#8221;4.17.4&#8243; _module_preset=&#8221;default&#8221; custom_margin=&#8221;-30px||||false|false&#8221; global_colors_info=&#8221;{}&#8221;][\/ba_video_popup][\/et_pb_column][\/et_pb_row][\/et_pb_section]<\/p>","protected":false},"excerpt":{"rendered":"<p>Hello, Brain Builder! Your child\u2019s brain grows the fastest from birth through age 5. Helping them learn now prepares them for school, friends, and life. Vroom Tips\u2122 are fun activities, backed by science, that turn everyday moments into Brain Building Moments\u2122. Explore Vroom.org today and click here to access Vroom resources in 19 languagesStart using [&hellip;]<\/p>","protected":false},"author":7,"featured_media":0,"parent":0,"menu_order":0,"comment_status":"closed","ping_status":"closed","template":"","meta":{"_et_pb_use_builder":"on","_et_pb_old_content":"","_et_gb_content_width":"","footnotes":""},"class_list":["post-3302","page","type-page","status-publish","hentry"],"yoast_head":"<!-- This site is optimized with the Yoast SEO plugin v26.8 - https:\/\/yoast.com\/product\/yoast-seo-wordpress\/ -->\n<title>Vroom for Parents - Parent Possible<\/title>\n<meta name=\"robots\" content=\"index, follow, max-snippet:-1, max-image-preview:large, max-video-preview:-1\" \/>\n<link rel=\"canonical\" href=\"https:\/\/parentpossible.org\/es\/learn-about-vroom\/\" \/>\n<meta property=\"og:locale\" content=\"es_ES\" \/>\n<meta property=\"og:type\" content=\"article\" \/>\n<meta property=\"og:title\" content=\"Vroom for Parents - Parent Possible\" \/>\n<meta property=\"og:description\" content=\"Hello, Brain Builder! Your child\u2019s brain grows the fastest from birth through age 5. Helping them learn now prepares them for school, friends, and life. Vroom Tips\u2122 are fun activities, backed by science, that turn everyday moments into Brain Building Moments\u2122. Explore Vroom.org today and click here to access Vroom resources in 19 languagesStart using [&hellip;]\" \/>\n<meta property=\"og:url\" content=\"https:\/\/parentpossible.org\/es\/learn-about-vroom\/\" \/>\n<meta property=\"og:site_name\" content=\"Parent Possible\" \/>\n<meta property=\"article:modified_time\" content=\"2023-11-13T21:43:19+00:00\" \/>\n<meta property=\"og:image\" content=\"https:\/\/upload.wikimedia.org\/wikipedia\/commons\/thumb\/a\/a5\/Instagram_icon.png\/600px-Instagram_icon.png\" \/>\n<meta name=\"twitter:card\" content=\"summary_large_image\" \/>\n<meta name=\"twitter:label1\" content=\"Tiempo de lectura\" \/>\n\t<meta name=\"twitter:data1\" content=\"5 minutos\" \/>\n<script type=\"application\/ld+json\" class=\"yoast-schema-graph\">{\"@context\":\"https:\/\/schema.org\",\"@graph\":[{\"@type\":\"WebPage\",\"@id\":\"https:\/\/parentpossible.org\/learn-about-vroom\/\",\"url\":\"https:\/\/parentpossible.org\/learn-about-vroom\/\",\"name\":\"Vroom for Parents - Parent Possible\",\"isPartOf\":{\"@id\":\"https:\/\/parentpossible.org\/#website\"},\"primaryImageOfPage\":{\"@id\":\"https:\/\/parentpossible.org\/learn-about-vroom\/#primaryimage\"},\"image\":{\"@id\":\"https:\/\/parentpossible.org\/learn-about-vroom\/#primaryimage\"},\"thumbnailUrl\":\"https:\/\/upload.wikimedia.org\/wikipedia\/commons\/thumb\/a\/a5\/Instagram_icon.png\/600px-Instagram_icon.png\",\"datePublished\":\"2022-09-10T01:58:36+00:00\",\"dateModified\":\"2023-11-13T21:43:19+00:00\",\"breadcrumb\":{\"@id\":\"https:\/\/parentpossible.org\/learn-about-vroom\/#breadcrumb\"},\"inLanguage\":\"es\",\"potentialAction\":[{\"@type\":\"ReadAction\",\"target\":[\"https:\/\/parentpossible.org\/learn-about-vroom\/\"]}]},{\"@type\":\"ImageObject\",\"inLanguage\":\"es\",\"@id\":\"https:\/\/parentpossible.org\/learn-about-vroom\/#primaryimage\",\"url\":\"https:\/\/upload.wikimedia.org\/wikipedia\/commons\/thumb\/a\/a5\/Instagram_icon.png\/600px-Instagram_icon.png\",\"contentUrl\":\"https:\/\/upload.wikimedia.org\/wikipedia\/commons\/thumb\/a\/a5\/Instagram_icon.png\/600px-Instagram_icon.png\"},{\"@type\":\"BreadcrumbList\",\"@id\":\"https:\/\/parentpossible.org\/learn-about-vroom\/#breadcrumb\",\"itemListElement\":[{\"@type\":\"ListItem\",\"position\":1,\"name\":\"Home\",\"item\":\"https:\/\/parentpossible.org\/\"},{\"@type\":\"ListItem\",\"position\":2,\"name\":\"Vroom for Parents\"}]},{\"@type\":\"WebSite\",\"@id\":\"https:\/\/parentpossible.org\/#website\",\"url\":\"https:\/\/parentpossible.org\/\",\"name\":\"Parent Possible\",\"description\":\"Stronger Families, Today and Tomorrow\",\"potentialAction\":[{\"@type\":\"SearchAction\",\"target\":{\"@type\":\"EntryPoint\",\"urlTemplate\":\"https:\/\/parentpossible.org\/?s={search_term_string}\"},\"query-input\":{\"@type\":\"PropertyValueSpecification\",\"valueRequired\":true,\"valueName\":\"search_term_string\"}}],\"inLanguage\":\"es\"}]}<\/script>\n<!-- \/ Yoast SEO plugin. -->","yoast_head_json":{"title":"Vroom for Parents - Parent Possible","robots":{"index":"index","follow":"follow","max-snippet":"max-snippet:-1","max-image-preview":"max-image-preview:large","max-video-preview":"max-video-preview:-1"},"canonical":"https:\/\/parentpossible.org\/es\/learn-about-vroom\/","og_locale":"es_ES","og_type":"article","og_title":"Vroom for Parents - Parent Possible","og_description":"Hello, Brain Builder! Your child\u2019s brain grows the fastest from birth through age 5. Helping them learn now prepares them for school, friends, and life. Vroom Tips\u2122 are fun activities, backed by science, that turn everyday moments into Brain Building Moments\u2122. Explore Vroom.org today and click here to access Vroom resources in 19 languagesStart using [&hellip;]","og_url":"https:\/\/parentpossible.org\/es\/learn-about-vroom\/","og_site_name":"Parent Possible","article_modified_time":"2023-11-13T21:43:19+00:00","og_image":[{"url":"https:\/\/upload.wikimedia.org\/wikipedia\/commons\/thumb\/a\/a5\/Instagram_icon.png\/600px-Instagram_icon.png","type":"","width":"","height":""}],"twitter_card":"summary_large_image","twitter_misc":{"Tiempo de lectura":"5 minutos"},"schema":{"@context":"https:\/\/schema.org","@graph":[{"@type":"WebPage","@id":"https:\/\/parentpossible.org\/learn-about-vroom\/","url":"https:\/\/parentpossible.org\/learn-about-vroom\/","name":"Vroom for Parents - Parent Possible","isPartOf":{"@id":"https:\/\/parentpossible.org\/#website"},"primaryImageOfPage":{"@id":"https:\/\/parentpossible.org\/learn-about-vroom\/#primaryimage"},"image":{"@id":"https:\/\/parentpossible.org\/learn-about-vroom\/#primaryimage"},"thumbnailUrl":"https:\/\/upload.wikimedia.org\/wikipedia\/commons\/thumb\/a\/a5\/Instagram_icon.png\/600px-Instagram_icon.png","datePublished":"2022-09-10T01:58:36+00:00","dateModified":"2023-11-13T21:43:19+00:00","breadcrumb":{"@id":"https:\/\/parentpossible.org\/learn-about-vroom\/#breadcrumb"},"inLanguage":"es","potentialAction":[{"@type":"ReadAction","target":["https:\/\/parentpossible.org\/learn-about-vroom\/"]}]},{"@type":"ImageObject","inLanguage":"es","@id":"https:\/\/parentpossible.org\/learn-about-vroom\/#primaryimage","url":"https:\/\/upload.wikimedia.org\/wikipedia\/commons\/thumb\/a\/a5\/Instagram_icon.png\/600px-Instagram_icon.png","contentUrl":"https:\/\/upload.wikimedia.org\/wikipedia\/commons\/thumb\/a\/a5\/Instagram_icon.png\/600px-Instagram_icon.png"},{"@type":"BreadcrumbList","@id":"https:\/\/parentpossible.org\/learn-about-vroom\/#breadcrumb","itemListElement":[{"@type":"ListItem","position":1,"name":"Home","item":"https:\/\/parentpossible.org\/"},{"@type":"ListItem","position":2,"name":"Vroom for Parents"}]},{"@type":"WebSite","@id":"https:\/\/parentpossible.org\/#website","url":"https:\/\/parentpossible.org\/","name":"Parent Possible","description":"Stronger Families, Today and Tomorrow","potentialAction":[{"@type":"SearchAction","target":{"@type":"EntryPoint","urlTemplate":"https:\/\/parentpossible.org\/?s={search_term_string}"},"query-input":{"@type":"PropertyValueSpecification","valueRequired":true,"valueName":"search_term_string"}}],"inLanguage":"es"}]}},"_links":{"self":[{"href":"https:\/\/parentpossible.org\/es\/wp-json\/wp\/v2\/pages\/3302","targetHints":{"allow":["GET"]}}],"collection":[{"href":"https:\/\/parentpossible.org\/es\/wp-json\/wp\/v2\/pages"}],"about":[{"href":"https:\/\/parentpossible.org\/es\/wp-json\/wp\/v2\/types\/page"}],"author":[{"embeddable":true,"href":"https:\/\/parentpossible.org\/es\/wp-json\/wp\/v2\/users\/7"}],"replies":[{"embeddable":true,"href":"https:\/\/parentpossible.org\/es\/wp-json\/wp\/v2\/comments?post=3302"}],"version-history":[{"count":9,"href":"https:\/\/parentpossible.org\/es\/wp-json\/wp\/v2\/pages\/3302\/revisions"}],"predecessor-version":[{"id":5037,"href":"https:\/\/parentpossible.org\/es\/wp-json\/wp\/v2\/pages\/3302\/revisions\/5037"}],"wp:attachment":[{"href":"https:\/\/parentpossible.org\/es\/wp-json\/wp\/v2\/media?parent=3302"}],"curies":[{"name":"wp","href":"https:\/\/api.w.org\/{rel}","templated":true}]}}