{"id":4311,"date":"2022-10-28T20:17:10","date_gmt":"2022-10-28T20:17:10","guid":{"rendered":"https:\/\/parentpossible.org\/?page_id=4311"},"modified":"2022-10-28T20:17:15","modified_gmt":"2022-10-28T20:17:15","slug":"for-parents-sp","status":"publish","type":"page","link":"https:\/\/parentpossible.org\/es\/for-parents-sp\/","title":{"rendered":"Para Padres"},"content":{"rendered":"<p>[et_pb_section fb_built=&#8221;1&#8243; admin_label=&#8221;section&#8221; _builder_version=&#8221;4.16&#8243; global_colors_info=&#8221;{}&#8221;][et_pb_row admin_label=&#8221;row&#8221; _builder_version=&#8221;4.16&#8243; background_size=&#8221;initial&#8221; background_position=&#8221;top_left&#8221; background_repeat=&#8221;repeat&#8221; global_colors_info=&#8221;{}&#8221;][et_pb_column type=&#8221;4_4&#8243; _builder_version=&#8221;4.16&#8243; custom_padding=&#8221;|||&#8221; global_colors_info=&#8221;{}&#8221; custom_padding__hover=&#8221;|||&#8221;][et_pb_text _builder_version=&#8221;4.17.4&#8243; _module_preset=&#8221;default&#8221; hover_enabled=&#8221;0&#8243; global_colors_info=&#8221;{}&#8221; sticky_enabled=&#8221;0&#8243;]<\/p>\n<h2><strong>Creemos que todos los padres tienen potencial<\/strong><\/h2>\n<p>[\/et_pb_text][et_pb_text _builder_version=&#8221;4.17.4&#8243; _module_preset=&#8221;default&#8221; hover_enabled=&#8221;0&#8243; global_colors_info=&#8221;{}&#8221; sticky_enabled=&#8221;0&#8243;]<\/p>\n<p>Imaginamos un Colorado donde cada familia sea un ecosistema pr\u00f3spero de aprendizaje, risas y bienestar. Nuestra misi\u00f3n es equipar a los padres con las herramientas y la informaci\u00f3n para que sean los maestros, entrenadores y mentores m\u00e1s valiosos de sus hijos en la vida.<\/p>\n<p>Sabemos que cuando los padres tienen las herramientas, los recursos, la informaci\u00f3n y la confianza que necesitan, pueden alcanzar su potencial como los maestros, entrenadores y mentores m\u00e1s importantes de sus hijos.<\/p>\n<p>Parent Possible promueve y apoya programas de alta calidad basados \u200b\u200ben evidencia enfocados en padres de ni\u00f1os desde el nacimiento hasta el kindergarten. Cada programa busca involucrar a los padres donde est\u00e1n, inspirando la participaci\u00f3n de los padres, facilitando la preparaci\u00f3n escolar y fortaleciendo las oportunidades para que los ni\u00f1os alcancen su m\u00e1ximo potencial.<\/p>\n<p>[\/et_pb_text][\/et_pb_column][\/et_pb_row][et_pb_row _builder_version=&#8221;4.17.4&#8243; _module_preset=&#8221;default&#8221; global_colors_info=&#8221;{}&#8221;][et_pb_column type=&#8221;4_4&#8243; _builder_version=&#8221;4.17.4&#8243; _module_preset=&#8221;default&#8221; global_colors_info=&#8221;{}&#8221;][\/et_pb_column][\/et_pb_row][et_pb_row column_structure=&#8221;1_3,1_3,1_3&#8243; _builder_version=&#8221;4.17.4&#8243; _module_preset=&#8221;default&#8221; global_colors_info=&#8221;{}&#8221;][et_pb_column type=&#8221;1_3&#8243; _builder_version=&#8221;4.17.4&#8243; _module_preset=&#8221;default&#8221; global_colors_info=&#8221;{}&#8221;][et_pb_button button_url=&#8221;https:\/\/parentpossible.org\/for-parents\/pat-for-parents\/&#8221; button_text=&#8221;Vea si PAT es adecuado para su familia&#8221; admin_label=&#8221;PAT&#8221; _builder_version=&#8221;4.17.4&#8243; _module_preset=&#8221;default&#8221; hover_enabled=&#8221;0&#8243; global_colors_info=&#8221;{}&#8221; sticky_enabled=&#8221;0&#8243;][\/et_pb_button][\/et_pb_column][et_pb_column type=&#8221;1_3&#8243; _builder_version=&#8221;4.17.4&#8243; _module_preset=&#8221;default&#8221; global_colors_info=&#8221;{}&#8221;][et_pb_button button_url=&#8221;https:\/\/parentpossible.org\/for-parents\/hippy-for-parents\/&#8221; button_text=&#8221;Vea si HIPPY es adecuado para su familia&#8221; admin_label=&#8221;HIPPY&#8221; _builder_version=&#8221;4.17.4&#8243; _module_preset=&#8221;default&#8221; hover_enabled=&#8221;0&#8243; global_colors_info=&#8221;{}&#8221; sticky_enabled=&#8221;0&#8243;][\/et_pb_button][\/et_pb_column][et_pb_column type=&#8221;1_3&#8243; _builder_version=&#8221;4.17.4&#8243; _module_preset=&#8221;default&#8221; global_colors_info=&#8221;{}&#8221;][et_pb_button button_url=&#8221;https:\/\/parentpossible.org\/vroom\/learn-about-vroom\/&#8221; button_text=&#8221;Vea si Vroom es adecuado para su familia&#8221; admin_label=&#8221;vroom&#8221; _builder_version=&#8221;4.17.4&#8243; _module_preset=&#8221;default&#8221; hover_enabled=&#8221;0&#8243; global_colors_info=&#8221;{}&#8221; sticky_enabled=&#8221;0&#8243;][\/et_pb_button][\/et_pb_column][\/et_pb_row][\/et_pb_section]<\/p>","protected":false},"excerpt":{"rendered":"<p>Creemos que todos los padres tienen potencialImaginamos un Colorado donde cada familia sea un ecosistema pr\u00f3spero de aprendizaje, risas y bienestar. Nuestra misi\u00f3n es equipar a los padres con las herramientas y la informaci\u00f3n para que sean los maestros, entrenadores y mentores m\u00e1s valiosos de sus hijos en la vida. Sabemos que cuando los padres [&hellip;]<\/p>","protected":false},"author":3,"featured_media":2787,"parent":0,"menu_order":0,"comment_status":"closed","ping_status":"closed","template":"","meta":{"_et_pb_use_builder":"on","_et_pb_old_content":"","_et_gb_content_width":"","footnotes":""},"class_list":["post-4311","page","type-page","status-publish","has-post-thumbnail","hentry"],"yoast_head":"<!-- This site is optimized with the Yoast SEO plugin v26.8 - https:\/\/yoast.com\/product\/yoast-seo-wordpress\/ -->\n<title>Para Padres - Parent Possible<\/title>\n<meta name=\"robots\" content=\"index, follow, max-snippet:-1, max-image-preview:large, max-video-preview:-1\" \/>\n<link rel=\"canonical\" href=\"https:\/\/parentpossible.org\/es\/for-parents-sp\/\" \/>\n<meta property=\"og:locale\" content=\"es_ES\" \/>\n<meta property=\"og:type\" content=\"article\" \/>\n<meta property=\"og:title\" content=\"Para Padres - Parent Possible\" \/>\n<meta property=\"og:description\" content=\"Creemos que todos los padres tienen potencialImaginamos un Colorado donde cada familia sea un ecosistema pr\u00f3spero de aprendizaje, risas y bienestar. Nuestra misi\u00f3n es equipar a los padres con las herramientas y la informaci\u00f3n para que sean los maestros, entrenadores y mentores m\u00e1s valiosos de sus hijos en la vida. Sabemos que cuando los padres [&hellip;]\" \/>\n<meta property=\"og:url\" content=\"https:\/\/parentpossible.org\/es\/for-parents-sp\/\" \/>\n<meta property=\"og:site_name\" content=\"Parent Possible\" \/>\n<meta property=\"article:modified_time\" content=\"2022-10-28T20:17:15+00:00\" \/>\n<meta property=\"og:image\" content=\"https:\/\/parentpossible.org\/wp-content\/uploads\/2022\/07\/PP-Hero-Images-6a.jpg\" \/>\n\t<meta property=\"og:image:width\" content=\"1650\" \/>\n\t<meta property=\"og:image:height\" content=\"525\" \/>\n\t<meta property=\"og:image:type\" content=\"image\/jpeg\" \/>\n<meta name=\"twitter:card\" content=\"summary_large_image\" \/>\n<meta name=\"twitter:label1\" content=\"Tiempo de lectura\" \/>\n\t<meta name=\"twitter:data1\" content=\"2 minutos\" \/>\n<script type=\"application\/ld+json\" class=\"yoast-schema-graph\">{\"@context\":\"https:\/\/schema.org\",\"@graph\":[{\"@type\":\"WebPage\",\"@id\":\"https:\/\/parentpossible.org\/for-parents-sp\/\",\"url\":\"https:\/\/parentpossible.org\/for-parents-sp\/\",\"name\":\"Para Padres - Parent Possible\",\"isPartOf\":{\"@id\":\"https:\/\/parentpossible.org\/#website\"},\"primaryImageOfPage\":{\"@id\":\"https:\/\/parentpossible.org\/for-parents-sp\/#primaryimage\"},\"image\":{\"@id\":\"https:\/\/parentpossible.org\/for-parents-sp\/#primaryimage\"},\"thumbnailUrl\":\"https:\/\/parentpossible.org\/wp-content\/uploads\/2022\/07\/PP-Hero-Images-6a.jpg\",\"datePublished\":\"2022-10-28T20:17:10+00:00\",\"dateModified\":\"2022-10-28T20:17:15+00:00\",\"breadcrumb\":{\"@id\":\"https:\/\/parentpossible.org\/for-parents-sp\/#breadcrumb\"},\"inLanguage\":\"es\",\"potentialAction\":[{\"@type\":\"ReadAction\",\"target\":[\"https:\/\/parentpossible.org\/for-parents-sp\/\"]}]},{\"@type\":\"ImageObject\",\"inLanguage\":\"es\",\"@id\":\"https:\/\/parentpossible.org\/for-parents-sp\/#primaryimage\",\"url\":\"https:\/\/parentpossible.org\/wp-content\/uploads\/2022\/07\/PP-Hero-Images-6a.jpg\",\"contentUrl\":\"https:\/\/parentpossible.org\/wp-content\/uploads\/2022\/07\/PP-Hero-Images-6a.jpg\",\"width\":1650,\"height\":525,\"caption\":\"mom, home visitor and baby engaging\"},{\"@type\":\"BreadcrumbList\",\"@id\":\"https:\/\/parentpossible.org\/for-parents-sp\/#breadcrumb\",\"itemListElement\":[{\"@type\":\"ListItem\",\"position\":1,\"name\":\"Home\",\"item\":\"https:\/\/parentpossible.org\/\"},{\"@type\":\"ListItem\",\"position\":2,\"name\":\"Para Padres\"}]},{\"@type\":\"WebSite\",\"@id\":\"https:\/\/parentpossible.org\/#website\",\"url\":\"https:\/\/parentpossible.org\/\",\"name\":\"Parent Possible\",\"description\":\"Stronger Families, Today and Tomorrow\",\"potentialAction\":[{\"@type\":\"SearchAction\",\"target\":{\"@type\":\"EntryPoint\",\"urlTemplate\":\"https:\/\/parentpossible.org\/?s={search_term_string}\"},\"query-input\":{\"@type\":\"PropertyValueSpecification\",\"valueRequired\":true,\"valueName\":\"search_term_string\"}}],\"inLanguage\":\"es\"}]}<\/script>\n<!-- \/ Yoast SEO plugin. -->","yoast_head_json":{"title":"Para Padres - Parent Possible","robots":{"index":"index","follow":"follow","max-snippet":"max-snippet:-1","max-image-preview":"max-image-preview:large","max-video-preview":"max-video-preview:-1"},"canonical":"https:\/\/parentpossible.org\/es\/for-parents-sp\/","og_locale":"es_ES","og_type":"article","og_title":"Para Padres - Parent Possible","og_description":"Creemos que todos los padres tienen potencialImaginamos un Colorado donde cada familia sea un ecosistema pr\u00f3spero de aprendizaje, risas y bienestar. Nuestra misi\u00f3n es equipar a los padres con las herramientas y la informaci\u00f3n para que sean los maestros, entrenadores y mentores m\u00e1s valiosos de sus hijos en la vida. Sabemos que cuando los padres [&hellip;]","og_url":"https:\/\/parentpossible.org\/es\/for-parents-sp\/","og_site_name":"Parent Possible","article_modified_time":"2022-10-28T20:17:15+00:00","og_image":[{"width":1650,"height":525,"url":"https:\/\/parentpossible.org\/wp-content\/uploads\/2022\/07\/PP-Hero-Images-6a.jpg","type":"image\/jpeg"}],"twitter_card":"summary_large_image","twitter_misc":{"Tiempo de lectura":"2 minutos"},"schema":{"@context":"https:\/\/schema.org","@graph":[{"@type":"WebPage","@id":"https:\/\/parentpossible.org\/for-parents-sp\/","url":"https:\/\/parentpossible.org\/for-parents-sp\/","name":"Para Padres - Parent Possible","isPartOf":{"@id":"https:\/\/parentpossible.org\/#website"},"primaryImageOfPage":{"@id":"https:\/\/parentpossible.org\/for-parents-sp\/#primaryimage"},"image":{"@id":"https:\/\/parentpossible.org\/for-parents-sp\/#primaryimage"},"thumbnailUrl":"https:\/\/parentpossible.org\/wp-content\/uploads\/2022\/07\/PP-Hero-Images-6a.jpg","datePublished":"2022-10-28T20:17:10+00:00","dateModified":"2022-10-28T20:17:15+00:00","breadcrumb":{"@id":"https:\/\/parentpossible.org\/for-parents-sp\/#breadcrumb"},"inLanguage":"es","potentialAction":[{"@type":"ReadAction","target":["https:\/\/parentpossible.org\/for-parents-sp\/"]}]},{"@type":"ImageObject","inLanguage":"es","@id":"https:\/\/parentpossible.org\/for-parents-sp\/#primaryimage","url":"https:\/\/parentpossible.org\/wp-content\/uploads\/2022\/07\/PP-Hero-Images-6a.jpg","contentUrl":"https:\/\/parentpossible.org\/wp-content\/uploads\/2022\/07\/PP-Hero-Images-6a.jpg","width":1650,"height":525,"caption":"mom, home visitor and baby engaging"},{"@type":"BreadcrumbList","@id":"https:\/\/parentpossible.org\/for-parents-sp\/#breadcrumb","itemListElement":[{"@type":"ListItem","position":1,"name":"Home","item":"https:\/\/parentpossible.org\/"},{"@type":"ListItem","position":2,"name":"Para Padres"}]},{"@type":"WebSite","@id":"https:\/\/parentpossible.org\/#website","url":"https:\/\/parentpossible.org\/","name":"Parent Possible","description":"Stronger Families, Today and Tomorrow","potentialAction":[{"@type":"SearchAction","target":{"@type":"EntryPoint","urlTemplate":"https:\/\/parentpossible.org\/?s={search_term_string}"},"query-input":{"@type":"PropertyValueSpecification","valueRequired":true,"valueName":"search_term_string"}}],"inLanguage":"es"}]}},"_links":{"self":[{"href":"https:\/\/parentpossible.org\/es\/wp-json\/wp\/v2\/pages\/4311","targetHints":{"allow":["GET"]}}],"collection":[{"href":"https:\/\/parentpossible.org\/es\/wp-json\/wp\/v2\/pages"}],"about":[{"href":"https:\/\/parentpossible.org\/es\/wp-json\/wp\/v2\/types\/page"}],"author":[{"embeddable":true,"href":"https:\/\/parentpossible.org\/es\/wp-json\/wp\/v2\/users\/3"}],"replies":[{"embeddable":true,"href":"https:\/\/parentpossible.org\/es\/wp-json\/wp\/v2\/comments?post=4311"}],"version-history":[{"count":2,"href":"https:\/\/parentpossible.org\/es\/wp-json\/wp\/v2\/pages\/4311\/revisions"}],"predecessor-version":[{"id":4315,"href":"https:\/\/parentpossible.org\/es\/wp-json\/wp\/v2\/pages\/4311\/revisions\/4315"}],"wp:featuredmedia":[{"embeddable":true,"href":"https:\/\/parentpossible.org\/es\/wp-json\/wp\/v2\/media\/2787"}],"wp:attachment":[{"href":"https:\/\/parentpossible.org\/es\/wp-json\/wp\/v2\/media?parent=4311"}],"curies":[{"name":"wp","href":"https:\/\/api.w.org\/{rel}","templated":true}]}}