{"id":4323,"date":"2022-10-28T20:25:38","date_gmt":"2022-10-28T20:25:38","guid":{"rendered":"https:\/\/parentpossible.org\/?page_id=4323"},"modified":"2022-10-28T20:26:28","modified_gmt":"2022-10-28T20:26:28","slug":"pat-for-parents-sp","status":"publish","type":"page","link":"https:\/\/parentpossible.org\/es\/for-parents\/pat-for-parents-sp\/","title":{"rendered":"PAT para Padres"},"content":{"rendered":"<p>[et_pb_section fb_built=&#8221;1&#8243; admin_label=&#8221;section&#8221; _builder_version=&#8221;4.16&#8243; global_colors_info=&#8221;{}&#8221;][et_pb_row _builder_version=&#8221;4.17.4&#8243; _module_preset=&#8221;default&#8221; global_colors_info=&#8221;{}&#8221;][et_pb_column type=&#8221;4_4&#8243; _builder_version=&#8221;4.17.4&#8243; _module_preset=&#8221;default&#8221; global_colors_info=&#8221;{}&#8221;][et_pb_text admin_label=&#8221;Text&#8221; _builder_version=&#8221;4.17.4&#8243; _module_preset=&#8221;default&#8221; global_colors_info=&#8221;{}&#8221;]<\/p>\n<h2><strong>\u00bfQu\u00e9 es PAT?<\/strong><\/h2>\n<p><a href=\"https:\/\/parentpossible.org\/es\/pat\/\">Padres como Maestros (PAT, por sus siglas en ingl\u00e9s)<\/a>\u00a0es un programa GRATUITO de educaci\u00f3n para padres y de apoyo familiar, para familias con ni\u00f1os desde el per\u00edodo prenatal hasta el kindergarten. Los educadores de padres capacitados, tambi\u00e9n conocidos como visitantes del hogar, se re\u00fanen regularmente con las familias (una o dos veces al mes) en su hogar o en un lugar conveniente para usted. Durante estas visitas, recibir\u00e1 informaci\u00f3n sobre desarrollo infantil, estrategias para padres, actividades divertidas para promover la preparaci\u00f3n escolar y conexiones con recursos comunitarios. Los ni\u00f1os tambi\u00e9n reciben ex\u00e1menes anuales (audici\u00f3n, visi\u00f3n y desarrollo) para asegurarse de que est\u00e9n bien encaminados para comenzar el kindergarten listos para aprender.\u00a0<a href=\"https:\/\/parentpossible.org\/es\/pat\/pat-locations\/\">Haga clic aqu\u00ed para encontrar un programa cerca de usted<\/a><\/p>\n<p>&nbsp;<\/p>\n<p>[\/et_pb_text][et_pb_text _builder_version=&#8221;4.17.4&#8243; _module_preset=&#8221;default&#8221; custom_margin=&#8221;-50px||||false|false&#8221; global_colors_info=&#8221;{}&#8221;]<\/p>\n<p>&nbsp;<\/p>\n<table style=\"border-collapse: collapse; width: 104.241%; height: 407px;\" border=\"1\">\n<tbody>\n<tr>\n<td style=\"width: 21.4953%;\" width=\"222\">\n<p>\u00a0\u00bfPara qui\u00e9n es?<\/p>\n<\/td>\n<td style=\"width: 78.5047%;\" width=\"449\">\n<p>Padres, guardianes y sus hijos reci\u00e9n nacidos hasta los 5 a\u00f1os, as\u00ed como padres prenatales.<\/p>\n<\/td>\n<\/tr>\n<tr>\n<td style=\"width: 21.4953%;\" width=\"222\">\n<p>\u00bfCu\u00e1nto cuesta?<\/p>\n<\/td>\n<td style=\"width: 78.5047%;\" width=\"449\">\n<p>Los servicios son GRATUITOS y son para padres, padres adoptivos\/parientes, abuelos y cualquier otra persona que cuide ni\u00f1os bajo su custodia.<\/p>\n<\/td>\n<\/tr>\n<tr>\n<td style=\"width: 21.4953%;\" width=\"222\">\n<p>\u00bfCon qu\u00e9 frecuencia nos reunimos?<\/p>\n<\/td>\n<td style=\"width: 78.5047%;\" width=\"449\">\n<p>Mensualmente o 2 veces al mes (dependiendo de sus necesidades). Cada visita es de aproximadamente 60 minutos.<\/p>\n<\/td>\n<\/tr>\n<tr>\n<td style=\"width: 21.4953%;\" width=\"222\">\n<p>\u00bfA d\u00f3nde voy para las visitas?<\/p>\n<\/td>\n<td style=\"width: 78.5047%;\" width=\"449\">\n<p>Los servicios se brindan en su hogar, virtualmente o en un lugar comunitario conveniente para usted.<\/p>\n<\/td>\n<\/tr>\n<tr>\n<td style=\"width: 21.4953%;\" width=\"222\">\n<p>\u00bfEn qu\u00e9 ayudan los educadores de padres?<\/p>\n<\/td>\n<td style=\"width: 78.5047%;\" width=\"449\">\n<p>Estrategias de crianza apropiadas para la edad, informaci\u00f3n sobre el desarrollo infantil, actividades divertidas para promover la preparaci\u00f3n escolar y conexiones con los recursos de la comunidad. Los ni\u00f1os tambi\u00e9n reciben ex\u00e1menes anuales (audici\u00f3n, visi\u00f3n y desarrollo) para asegurarse de que est\u00e9n bien encaminados para comenzar el kindergarten listos para aprender.<\/p>\n<\/td>\n<\/tr>\n<tr>\n<td style=\"width: 21.4953%;\" width=\"222\">\n<p>\u00bfQu\u00e9 debo esperar?<\/p>\n<\/td>\n<td style=\"width: 78.5047%; height: 151px;\">\n<ul>\n<li>Actividades atractivas que exploran la interacci\u00f3n entre padres e hijos y apoyan el crecimiento y desarrollo de su hijo<\/li>\n<li>Folletos f\u00e1ciles de leer dise\u00f1ados para reforzar el aprendizaje entre visitas, sobre temas que van desde el juego hasta el sue\u00f1o, la nutrici\u00f3n, la disciplina positiva y las relaciones familiares<\/li>\n<li>Un profesional de confianza con el que puede hablar sobre sus preguntas e inquietudes<\/li>\n<li>Oportunidades para conocer y conectarse con otros padres a trav\u00e9s de actividades como lectura de cuentos, grupos de juego y picnics familiares.<span style=\"font-family: inherit; font-size: inherit;\">.<\/span><\/li>\n<\/ul>\n<\/td>\n<\/tr>\n<tr>\n<td style=\"width: 21.4953%;\" width=\"222\">\n<p>\u00bfC\u00f3mo puedo aprender m\u00e1s?<\/p>\n<\/td>\n<td style=\"width: 78.5047%;\" width=\"449\">\n<p>Si est\u00e1 interesado en aprender m\u00e1s sobre PAT y si es adecuado para usted\u2013 haga clic\u00a0<a href=\"https:\/\/parentpossible.org\/es\/pat\/pat-locations\/\">AQU\u00cdERE<\/a>\u00a0para encontrar un programa en su \u00e1rea.<\/p>\n<\/td>\n<\/tr>\n<\/tbody>\n<\/table>\n<p><a href=\"https:\/\/parentpossible.org\/es\/pat-testimonials\/\">Lea lo que dicen los padres sobre Padres como Maestros<\/a><\/p>\n<p>[\/et_pb_text][\/et_pb_column][\/et_pb_row][\/et_pb_section]<\/p>","protected":false},"excerpt":{"rendered":"<p>\u00bfQu\u00e9 es PAT? Padres como Maestros (PAT, por sus siglas en ingl\u00e9s)\u00a0es un programa GRATUITO de educaci\u00f3n para padres y de apoyo familiar, para familias con ni\u00f1os desde el per\u00edodo prenatal hasta el kindergarten. Los educadores de padres capacitados, tambi\u00e9n conocidos como visitantes del hogar, se re\u00fanen regularmente con las familias (una o dos veces [&hellip;]<\/p>","protected":false},"author":3,"featured_media":2907,"parent":2712,"menu_order":0,"comment_status":"closed","ping_status":"closed","template":"","meta":{"_et_pb_use_builder":"on","_et_pb_old_content":"","_et_gb_content_width":"","footnotes":""},"class_list":["post-4323","page","type-page","status-publish","has-post-thumbnail","hentry"],"yoast_head":"<!-- This site is optimized with the Yoast SEO plugin v26.8 - https:\/\/yoast.com\/product\/yoast-seo-wordpress\/ -->\n<title>PAT para Padres - Parent Possible<\/title>\n<meta name=\"robots\" content=\"index, follow, max-snippet:-1, max-image-preview:large, max-video-preview:-1\" \/>\n<link rel=\"canonical\" href=\"https:\/\/parentpossible.org\/es\/for-parents\/pat-for-parents-sp\/\" \/>\n<meta property=\"og:locale\" content=\"es_ES\" \/>\n<meta property=\"og:type\" content=\"article\" \/>\n<meta property=\"og:title\" content=\"PAT para Padres - Parent Possible\" \/>\n<meta property=\"og:description\" content=\"\u00bfQu\u00e9 es PAT? Padres como Maestros (PAT, por sus siglas en ingl\u00e9s)\u00a0es un programa GRATUITO de educaci\u00f3n para padres y de apoyo familiar, para familias con ni\u00f1os desde el per\u00edodo prenatal hasta el kindergarten. Los educadores de padres capacitados, tambi\u00e9n conocidos como visitantes del hogar, se re\u00fanen regularmente con las familias (una o dos veces [&hellip;]\" \/>\n<meta property=\"og:url\" content=\"https:\/\/parentpossible.org\/es\/for-parents\/pat-for-parents-sp\/\" \/>\n<meta property=\"og:site_name\" content=\"Parent Possible\" \/>\n<meta property=\"article:modified_time\" content=\"2022-10-28T20:26:28+00:00\" \/>\n<meta property=\"og:image\" content=\"https:\/\/parentpossible.org\/wp-content\/uploads\/2022\/08\/PP-Hero-Images-0010.jpg\" \/>\n\t<meta property=\"og:image:width\" content=\"1650\" \/>\n\t<meta property=\"og:image:height\" content=\"664\" \/>\n\t<meta property=\"og:image:type\" content=\"image\/jpeg\" \/>\n<meta name=\"twitter:card\" content=\"summary_large_image\" \/>\n<meta name=\"twitter:label1\" content=\"Tiempo de lectura\" \/>\n\t<meta name=\"twitter:data1\" content=\"3 minutos\" \/>\n<script type=\"application\/ld+json\" class=\"yoast-schema-graph\">{\"@context\":\"https:\/\/schema.org\",\"@graph\":[{\"@type\":\"WebPage\",\"@id\":\"https:\/\/parentpossible.org\/for-parents\/pat-for-parents-sp\/\",\"url\":\"https:\/\/parentpossible.org\/for-parents\/pat-for-parents-sp\/\",\"name\":\"PAT para Padres - Parent Possible\",\"isPartOf\":{\"@id\":\"https:\/\/parentpossible.org\/#website\"},\"primaryImageOfPage\":{\"@id\":\"https:\/\/parentpossible.org\/for-parents\/pat-for-parents-sp\/#primaryimage\"},\"image\":{\"@id\":\"https:\/\/parentpossible.org\/for-parents\/pat-for-parents-sp\/#primaryimage\"},\"thumbnailUrl\":\"https:\/\/parentpossible.org\/wp-content\/uploads\/2022\/08\/PP-Hero-Images-0010.jpg\",\"datePublished\":\"2022-10-28T20:25:38+00:00\",\"dateModified\":\"2022-10-28T20:26:28+00:00\",\"breadcrumb\":{\"@id\":\"https:\/\/parentpossible.org\/for-parents\/pat-for-parents-sp\/#breadcrumb\"},\"inLanguage\":\"es\",\"potentialAction\":[{\"@type\":\"ReadAction\",\"target\":[\"https:\/\/parentpossible.org\/for-parents\/pat-for-parents-sp\/\"]}]},{\"@type\":\"ImageObject\",\"inLanguage\":\"es\",\"@id\":\"https:\/\/parentpossible.org\/for-parents\/pat-for-parents-sp\/#primaryimage\",\"url\":\"https:\/\/parentpossible.org\/wp-content\/uploads\/2022\/08\/PP-Hero-Images-0010.jpg\",\"contentUrl\":\"https:\/\/parentpossible.org\/wp-content\/uploads\/2022\/08\/PP-Hero-Images-0010.jpg\",\"width\":1650,\"height\":664,\"caption\":\"child wearing teal paying attention\"},{\"@type\":\"BreadcrumbList\",\"@id\":\"https:\/\/parentpossible.org\/for-parents\/pat-for-parents-sp\/#breadcrumb\",\"itemListElement\":[{\"@type\":\"ListItem\",\"position\":1,\"name\":\"Home\",\"item\":\"https:\/\/parentpossible.org\/\"},{\"@type\":\"ListItem\",\"position\":2,\"name\":\"For Parents\",\"item\":\"https:\/\/parentpossible.org\/for-parents\/\"},{\"@type\":\"ListItem\",\"position\":3,\"name\":\"PAT para Padres\"}]},{\"@type\":\"WebSite\",\"@id\":\"https:\/\/parentpossible.org\/#website\",\"url\":\"https:\/\/parentpossible.org\/\",\"name\":\"Parent Possible\",\"description\":\"Stronger Families, Today and Tomorrow\",\"potentialAction\":[{\"@type\":\"SearchAction\",\"target\":{\"@type\":\"EntryPoint\",\"urlTemplate\":\"https:\/\/parentpossible.org\/?s={search_term_string}\"},\"query-input\":{\"@type\":\"PropertyValueSpecification\",\"valueRequired\":true,\"valueName\":\"search_term_string\"}}],\"inLanguage\":\"es\"}]}<\/script>\n<!-- \/ Yoast SEO plugin. -->","yoast_head_json":{"title":"PAT para Padres - Parent Possible","robots":{"index":"index","follow":"follow","max-snippet":"max-snippet:-1","max-image-preview":"max-image-preview:large","max-video-preview":"max-video-preview:-1"},"canonical":"https:\/\/parentpossible.org\/es\/for-parents\/pat-for-parents-sp\/","og_locale":"es_ES","og_type":"article","og_title":"PAT para Padres - Parent Possible","og_description":"\u00bfQu\u00e9 es PAT? Padres como Maestros (PAT, por sus siglas en ingl\u00e9s)\u00a0es un programa GRATUITO de educaci\u00f3n para padres y de apoyo familiar, para familias con ni\u00f1os desde el per\u00edodo prenatal hasta el kindergarten. Los educadores de padres capacitados, tambi\u00e9n conocidos como visitantes del hogar, se re\u00fanen regularmente con las familias (una o dos veces [&hellip;]","og_url":"https:\/\/parentpossible.org\/es\/for-parents\/pat-for-parents-sp\/","og_site_name":"Parent Possible","article_modified_time":"2022-10-28T20:26:28+00:00","og_image":[{"width":1650,"height":664,"url":"https:\/\/parentpossible.org\/wp-content\/uploads\/2022\/08\/PP-Hero-Images-0010.jpg","type":"image\/jpeg"}],"twitter_card":"summary_large_image","twitter_misc":{"Tiempo de lectura":"3 minutos"},"schema":{"@context":"https:\/\/schema.org","@graph":[{"@type":"WebPage","@id":"https:\/\/parentpossible.org\/for-parents\/pat-for-parents-sp\/","url":"https:\/\/parentpossible.org\/for-parents\/pat-for-parents-sp\/","name":"PAT para Padres - Parent Possible","isPartOf":{"@id":"https:\/\/parentpossible.org\/#website"},"primaryImageOfPage":{"@id":"https:\/\/parentpossible.org\/for-parents\/pat-for-parents-sp\/#primaryimage"},"image":{"@id":"https:\/\/parentpossible.org\/for-parents\/pat-for-parents-sp\/#primaryimage"},"thumbnailUrl":"https:\/\/parentpossible.org\/wp-content\/uploads\/2022\/08\/PP-Hero-Images-0010.jpg","datePublished":"2022-10-28T20:25:38+00:00","dateModified":"2022-10-28T20:26:28+00:00","breadcrumb":{"@id":"https:\/\/parentpossible.org\/for-parents\/pat-for-parents-sp\/#breadcrumb"},"inLanguage":"es","potentialAction":[{"@type":"ReadAction","target":["https:\/\/parentpossible.org\/for-parents\/pat-for-parents-sp\/"]}]},{"@type":"ImageObject","inLanguage":"es","@id":"https:\/\/parentpossible.org\/for-parents\/pat-for-parents-sp\/#primaryimage","url":"https:\/\/parentpossible.org\/wp-content\/uploads\/2022\/08\/PP-Hero-Images-0010.jpg","contentUrl":"https:\/\/parentpossible.org\/wp-content\/uploads\/2022\/08\/PP-Hero-Images-0010.jpg","width":1650,"height":664,"caption":"child wearing teal paying attention"},{"@type":"BreadcrumbList","@id":"https:\/\/parentpossible.org\/for-parents\/pat-for-parents-sp\/#breadcrumb","itemListElement":[{"@type":"ListItem","position":1,"name":"Home","item":"https:\/\/parentpossible.org\/"},{"@type":"ListItem","position":2,"name":"For Parents","item":"https:\/\/parentpossible.org\/for-parents\/"},{"@type":"ListItem","position":3,"name":"PAT para Padres"}]},{"@type":"WebSite","@id":"https:\/\/parentpossible.org\/#website","url":"https:\/\/parentpossible.org\/","name":"Parent Possible","description":"Stronger Families, Today and Tomorrow","potentialAction":[{"@type":"SearchAction","target":{"@type":"EntryPoint","urlTemplate":"https:\/\/parentpossible.org\/?s={search_term_string}"},"query-input":{"@type":"PropertyValueSpecification","valueRequired":true,"valueName":"search_term_string"}}],"inLanguage":"es"}]}},"_links":{"self":[{"href":"https:\/\/parentpossible.org\/es\/wp-json\/wp\/v2\/pages\/4323","targetHints":{"allow":["GET"]}}],"collection":[{"href":"https:\/\/parentpossible.org\/es\/wp-json\/wp\/v2\/pages"}],"about":[{"href":"https:\/\/parentpossible.org\/es\/wp-json\/wp\/v2\/types\/page"}],"author":[{"embeddable":true,"href":"https:\/\/parentpossible.org\/es\/wp-json\/wp\/v2\/users\/3"}],"replies":[{"embeddable":true,"href":"https:\/\/parentpossible.org\/es\/wp-json\/wp\/v2\/comments?post=4323"}],"version-history":[{"count":4,"href":"https:\/\/parentpossible.org\/es\/wp-json\/wp\/v2\/pages\/4323\/revisions"}],"predecessor-version":[{"id":4328,"href":"https:\/\/parentpossible.org\/es\/wp-json\/wp\/v2\/pages\/4323\/revisions\/4328"}],"up":[{"embeddable":true,"href":"https:\/\/parentpossible.org\/es\/wp-json\/wp\/v2\/pages\/2712"}],"wp:featuredmedia":[{"embeddable":true,"href":"https:\/\/parentpossible.org\/es\/wp-json\/wp\/v2\/media\/2907"}],"wp:attachment":[{"href":"https:\/\/parentpossible.org\/es\/wp-json\/wp\/v2\/media?parent=4323"}],"curies":[{"name":"wp","href":"https:\/\/api.w.org\/{rel}","templated":true}]}}