{"id":57,"date":"2016-09-21T03:41:33","date_gmt":"2016-09-21T03:41:33","guid":{"rendered":"https:\/\/parentpossible.org\/?page_id=57"},"modified":"2023-10-06T20:13:57","modified_gmt":"2023-10-06T20:13:57","slug":"advocacy","status":"publish","type":"page","link":"https:\/\/parentpossible.org\/es\/advocacy\/","title":{"rendered":"Abogac\u00eda"},"content":{"rendered":"<p>[et_pb_section fb_built=&#8221;1&#8243; _builder_version=&#8221;4.16&#8243; global_colors_info=&#8221;{}&#8221;][et_pb_row _builder_version=&#8221;4.16&#8243; background_size=&#8221;initial&#8221; background_position=&#8221;top_left&#8221; background_repeat=&#8221;repeat&#8221; global_colors_info=&#8221;{}&#8221;][et_pb_column type=&#8221;4_4&#8243; _builder_version=&#8221;4.16&#8243; custom_padding=&#8221;|||&#8221; global_colors_info=&#8221;{}&#8221; custom_padding__hover=&#8221;|||&#8221;][et_pb_text _builder_version=&#8221;4.17.4&#8243; background_size=&#8221;initial&#8221; background_position=&#8221;top_left&#8221; background_repeat=&#8221;repeat&#8221; global_colors_info=&#8221;{}&#8221;]<\/p>\n<p>Abogamos por pol\u00edticas a nivel estatal y federal que apoyen las visitas en el hogar y las familias a las que servimos. Nuestros esfuerzos de defensa surgen de nuestras creencias fundamentales.<\/p>\n<p>[\/et_pb_text][ba_info_box photo=&#8221;https:\/\/parentpossible.org\/wp-content\/uploads\/2022\/09\/Asset-24.png&#8221; title=&#8221;Family Support&#8221; body_content=&#8221;<\/p>\n<p>We believe every parent has potential, and that families are the most critical resource for their child\u2019s growth and development. We believe parents succeed when they feel supported and are provided with the resources and tools, they need to be successful.<\/p>\n<p>Abogamos por pol\u00edticas y programas que brinden a las familias una amplia gama de apoyos, desde la salud\/salud mental del ni\u00f1o y el cuidador hasta la preparaci\u00f3n para la escuela y la seguridad econ\u00f3mica familiar. Cuando se satisfacen las necesidades b\u00e1sicas de las familias, pueden enfocarse m\u00e1s profundamente en ser el maestro, entrenador y mentor m\u00e1s valioso de su hijo en la vida.<\/p>\n<p>&#8221; content_padding=&#8221;0px||0px|50px|false|false&#8221; figure_placement=&#8221;left&#8221; image_width=&#8221;18%&#8221; admin_label=&#8221;family support&#8221; _builder_version=&#8221;4.17.4&#8243; _module_preset=&#8221;default&#8221; header_font_size=&#8221;30px&#8221; custom_padding=&#8221;20px||20px||false|false&#8221; hover_enabled=&#8221;0&#8243; title_font_tablet=&#8221;&#8221; title_font_phone=&#8221;&#8221; title_font_last_edited=&#8221;on|phone&#8221; title_font_size_tablet=&#8221;&#8221; title_font_size_phone=&#8221;18px&#8221; title_font_size_last_edited=&#8221;on|phone&#8221; global_colors_info=&#8221;{}&#8221; sticky_enabled=&#8221;0&#8243;][\/ba_info_box][ba_info_box photo=&#8221;https:\/\/parentpossible.org\/wp-content\/uploads\/2022\/09\/Asset-22.png&#8221; title=&#8221;Early childhood education\/childcare&#8221; body_content=&#8221;<\/p>\n<p>Creemos que todas las familias deben tener los apoyos de aprendizaje temprano para preparar a sus hijos para el kindergarten y que capacitar a los padres y llegar a los padres donde est\u00e1n crean un camino hacia la participaci\u00f3n de por vida en el desarrollo de sus hijos.<\/p>\n<p>Abogamos por pol\u00edticas que fortalezcan y ampl\u00eden los apoyos de aprendizaje temprano para las familias a trav\u00e9s de un sistema de entrega mixto. Apoyamos las pol\u00edticas que permiten a los padres seleccionar, y solventar, oportunidades de aprendizaje temprano de alta calidad apropiadas para su familia.<\/p>\n<p>&#8221; content_padding=&#8221;0px||0px|50px|false|false&#8221; figure_placement=&#8221;left&#8221; image_width=&#8221;18%&#8221; admin_label=&#8221;early childhood&#8221; _builder_version=&#8221;4.17.4&#8243; _module_preset=&#8221;default&#8221; custom_padding=&#8221;20px||20px||false|false&#8221; title_font_size_tablet=&#8221;&#8221; title_font_size_phone=&#8221;18px&#8221; title_font_size_last_edited=&#8221;on|phone&#8221; global_colors_info=&#8221;{}&#8221;][\/ba_info_box][ba_info_box photo=&#8221;https:\/\/parentpossible.org\/wp-content\/uploads\/2022\/09\/Asset-23.png&#8221; title=&#8221;Data-informed policy&#8221; body_content=&#8221;<\/p>\n<p>Creemos en el uso de la investigaci\u00f3n s\u00f3lida sobre los programas de la primera infancia para dirigirnos hacia las pol\u00edticas p\u00fablicas que sabemos que tienen m\u00e1s probabilidades de beneficiar a los ni\u00f1os y sus familias.<\/p>\n<p>Abogamos por pol\u00edticas que promuevan la utilizaci\u00f3n de evidencia y datos para informar c\u00f3mo y d\u00f3nde invertimos recursos.<\/p>\n<p>&#8221; content_padding=&#8221;0px||0px|50px|false|false&#8221; figure_placement=&#8221;left&#8221; image_width=&#8221;18%&#8221; admin_label=&#8221;data informed policy&#8221; _builder_version=&#8221;4.17.4&#8243; _module_preset=&#8221;default&#8221; custom_padding=&#8221;20px||20px||false|false&#8221; hover_enabled=&#8221;0&#8243; title_font_size_tablet=&#8221;&#8221; title_font_size_phone=&#8221;18px&#8221; title_font_size_last_edited=&#8221;on|phone&#8221; global_colors_info=&#8221;{}&#8221; sticky_enabled=&#8221;0&#8243;][\/ba_info_box][ba_info_box photo=&#8221;https:\/\/parentpossible.org\/wp-content\/uploads\/2022\/09\/Asset-20.png&#8221; title=&#8221;Increased investment in early childhood systems&#8221; body_content=&#8221;<\/p>\n<p>Colorado prospers when our children thrive. We believe investing resources and energy in children and their parents during early childhood creates the solid foundation to build a lifetime of well-being.<\/p>\n<p>Abogamos por pol\u00edticas que inviertan significativamente en los a\u00f1os de la primera infancia y promuevan los cambios sist\u00e9micos necesarios para crear un sistema coordinado de la primera infancia. Apoyamos activamente las pol\u00edticas que invierten m\u00e1s en el empoderamiento de los padres y los programas de participaci\u00f3n, incluidas las visitas en el hogar.<\/p>\n<p>&#8221; content_padding=&#8221;0px||0px|50px|false|false&#8221; figure_placement=&#8221;left&#8221; image_width=&#8221;18%&#8221; admin_label=&#8221;increased investment&#8221; _builder_version=&#8221;4.17.4&#8243; _module_preset=&#8221;default&#8221; custom_padding=&#8221;20px||20px||false|false&#8221; hover_enabled=&#8221;0&#8243; title_font_size_tablet=&#8221;&#8221; title_font_size_phone=&#8221;18px&#8221; title_font_size_last_edited=&#8221;on|phone&#8221; global_colors_info=&#8221;{}&#8221; sticky_enabled=&#8221;0&#8243;][\/ba_info_box][ba_info_box photo=&#8221;https:\/\/parentpossible.org\/wp-content\/uploads\/2022\/09\/Asset-21.png&#8221; title=&#8221;Supporting the Colorado Home Visiting Coalition&#8221; body_content=&#8221;<\/p>\n<p>En consonancia con estas prioridades, Parent Possible aloja a Colorado Home Visiting Coalition (CHVC, por sus siglas en ingl\u00e9s). CHVC colabora para fortalecer y promover servicios efectivos de visitas en el hogar en todo Colorado.<\/p>\n<p>Trabajando para garantizar que todas las familias en Colorado reciban apoyo para prosperar, CHVC es una coalici\u00f3n de organizaciones de liderazgo que representan las necesidades a nivel estatal y local de los programas de visitas domiciliarias para la primera infancia. Para obtener m\u00e1s informaci\u00f3n, visite www.cohomevisiting.org<\/p>\n<p>&#8221; use_button=&#8221;on&#8221; button_text=&#8221;Learn about CHVC&#8221; button_link=&#8221;http:\/\/www.cohomevisiting.org&#8221; content_padding=&#8221;0px||0px|50px|false|false&#8221; figure_placement=&#8221;left&#8221; image_width=&#8221;18%&#8221; admin_label=&#8221;chvc&#8221; _builder_version=&#8221;4.17.4&#8243; _module_preset=&#8221;default&#8221; custom_padding=&#8221;20px||20px||false|false&#8221; title_font_size_tablet=&#8221;&#8221; title_font_size_phone=&#8221;18px&#8221; title_font_size_last_edited=&#8221;on|phone&#8221; global_colors_info=&#8221;{}&#8221;][\/ba_info_box][\/et_pb_column][\/et_pb_row][\/et_pb_section]<\/p>","protected":false},"excerpt":{"rendered":"<p>Abogamos por pol\u00edticas a nivel estatal y federal que apoyen las visitas en el hogar y las familias a las que servimos. Nuestros esfuerzos de defensa surgen de nuestras creencias fundamentales.<div class=\"ba_info_box ba_info_box_0 ba_et_pb_module\">\n\t\t\t\t\n\t\t\t\t\n\t\t\t\t\n\t\t\t\t\n\t\t\t\t\n\t\t\t\t\n\t\t\t\t<div class=\"et_pb_module_inner\">\n\t\t\t\t\t<div class=\"dtq-info-box dtq-swapped-img-selector dtq-hover--none\">\n\t\t\t    <div class=\"dtq-info-box-figure\"> <img decoding=\"async\" class=\"dtq-info-box-img dtq-swapped-img\" src=\"\"  alt=\"\"\/><\/div>\n                <div class=\"dtq-info-box-content\">\n                    <h2 class=\"dtq-info-box-title\">&#8221;Family<\/h2> <div class=\"dtq-mce-content\">&#8221;We<\/div> \n                <\/div>\n\t\t    <\/div>\n\t\t\t\t<\/div>\n\t\t\t<\/div><\/p>","protected":false},"author":1,"featured_media":2914,"parent":0,"menu_order":0,"comment_status":"closed","ping_status":"closed","template":"","meta":{"_et_pb_use_builder":"on","_et_pb_old_content":"<span style=\"font-weight: 400;\">Promoting parent empowerment strategies and support for school readiness programs doesn\u2019t just happen in the home. Parent Possible believes that families are the most critical resource for their child\u2019s growth and development and our public policy decisions must support parents as they do this important work. As the leader of the <a href=\"http:\/\/www.cohomevisiting.org\">Colorado Home Visiting Coalition<\/a> and a member of the Early Childhood Summit, Parent Possible works to educate partners and policy makers about the critical role parents play and the programs and policies that best encourage families to be successful. <\/span>\r\n\r\n<script><br \/>\r\n  (function(i,s,o,g,r,a,m){i['GoogleAnalyticsObject']=r;i[r]=i[r]||function(){<br \/>\r\n  (i[r].q=i[r].q||[]).push(arguments)},i[r].l=1*new Date();a=s.createElement(o),<br \/>\r\n  m=s.getElementsByTagName(o)[0];a.async=1;a.src=g;m.parentNode.insertBefore(a,m)<br \/>\r\n  })(window,document,'script','https:\/\/www.google-analytics.com\/analytics.js','ga');<\/p>\r\n<p>\r\n<\/p>\r\n<p>  ga('create', 'UA-92898002-1', 'auto');<br \/>\r\n  ga('send', 'pageview');<\/p>\r\n<p>\r\n<\/p>\r\n<p><\/script>","_et_gb_content_width":"","footnotes":""},"class_list":["post-57","page","type-page","status-publish","has-post-thumbnail","hentry"],"yoast_head":"<!-- This site is optimized with the Yoast SEO plugin v26.8 - https:\/\/yoast.com\/product\/yoast-seo-wordpress\/ -->\n<title>Advocacy - Parent Possible<\/title>\n<meta name=\"robots\" content=\"index, follow, max-snippet:-1, max-image-preview:large, max-video-preview:-1\" \/>\n<link rel=\"canonical\" href=\"https:\/\/parentpossible.org\/es\/advocacy\/\" \/>\n<meta property=\"og:locale\" content=\"es_ES\" \/>\n<meta property=\"og:type\" content=\"article\" \/>\n<meta property=\"og:title\" content=\"Advocacy - Parent Possible\" \/>\n<meta property=\"og:description\" content=\"We advocate for policies at the state and federal level that support home visiting and the families we serve. Our advocacy efforts emerge out of our core beliefs.\" \/>\n<meta property=\"og:url\" content=\"https:\/\/parentpossible.org\/es\/advocacy\/\" \/>\n<meta property=\"og:site_name\" content=\"Parent Possible\" \/>\n<meta property=\"article:modified_time\" content=\"2023-10-06T20:13:57+00:00\" \/>\n<meta property=\"og:image\" content=\"https:\/\/parentpossible.org\/wp-content\/uploads\/2022\/08\/PP-Hero-Images-0003-e1663363669306.jpg\" \/>\n\t<meta property=\"og:image:width\" content=\"1501\" \/>\n\t<meta property=\"og:image:height\" content=\"664\" \/>\n\t<meta property=\"og:image:type\" content=\"image\/jpeg\" \/>\n<meta name=\"twitter:card\" content=\"summary_large_image\" \/>\n<meta name=\"twitter:label1\" content=\"Tiempo de lectura\" \/>\n\t<meta name=\"twitter:data1\" content=\"4 minutos\" \/>\n<script type=\"application\/ld+json\" class=\"yoast-schema-graph\">{\"@context\":\"https:\/\/schema.org\",\"@graph\":[{\"@type\":\"WebPage\",\"@id\":\"https:\/\/parentpossible.org\/advocacy\/\",\"url\":\"https:\/\/parentpossible.org\/advocacy\/\",\"name\":\"Advocacy - Parent Possible\",\"isPartOf\":{\"@id\":\"https:\/\/parentpossible.org\/#website\"},\"primaryImageOfPage\":{\"@id\":\"https:\/\/parentpossible.org\/advocacy\/#primaryimage\"},\"image\":{\"@id\":\"https:\/\/parentpossible.org\/advocacy\/#primaryimage\"},\"thumbnailUrl\":\"https:\/\/parentpossible.org\/wp-content\/uploads\/2022\/08\/PP-Hero-Images-0003-e1663363669306.jpg\",\"datePublished\":\"2016-09-21T03:41:33+00:00\",\"dateModified\":\"2023-10-06T20:13:57+00:00\",\"breadcrumb\":{\"@id\":\"https:\/\/parentpossible.org\/advocacy\/#breadcrumb\"},\"inLanguage\":\"es\",\"potentialAction\":[{\"@type\":\"ReadAction\",\"target\":[\"https:\/\/parentpossible.org\/advocacy\/\"]}]},{\"@type\":\"ImageObject\",\"inLanguage\":\"es\",\"@id\":\"https:\/\/parentpossible.org\/advocacy\/#primaryimage\",\"url\":\"https:\/\/parentpossible.org\/wp-content\/uploads\/2022\/08\/PP-Hero-Images-0003-e1663363669306.jpg\",\"contentUrl\":\"https:\/\/parentpossible.org\/wp-content\/uploads\/2022\/08\/PP-Hero-Images-0003-e1663363669306.jpg\",\"width\":1501,\"height\":664,\"caption\":\"Ten kids in a park playing tug-a-war smiling\"},{\"@type\":\"BreadcrumbList\",\"@id\":\"https:\/\/parentpossible.org\/advocacy\/#breadcrumb\",\"itemListElement\":[{\"@type\":\"ListItem\",\"position\":1,\"name\":\"Home\",\"item\":\"https:\/\/parentpossible.org\/\"},{\"@type\":\"ListItem\",\"position\":2,\"name\":\"Advocacy\"}]},{\"@type\":\"WebSite\",\"@id\":\"https:\/\/parentpossible.org\/#website\",\"url\":\"https:\/\/parentpossible.org\/\",\"name\":\"Parent Possible\",\"description\":\"Stronger Families, Today and Tomorrow\",\"potentialAction\":[{\"@type\":\"SearchAction\",\"target\":{\"@type\":\"EntryPoint\",\"urlTemplate\":\"https:\/\/parentpossible.org\/?s={search_term_string}\"},\"query-input\":{\"@type\":\"PropertyValueSpecification\",\"valueRequired\":true,\"valueName\":\"search_term_string\"}}],\"inLanguage\":\"es\"}]}<\/script>\n<!-- \/ Yoast SEO plugin. -->","yoast_head_json":{"title":"Advocacy - Parent Possible","robots":{"index":"index","follow":"follow","max-snippet":"max-snippet:-1","max-image-preview":"max-image-preview:large","max-video-preview":"max-video-preview:-1"},"canonical":"https:\/\/parentpossible.org\/es\/advocacy\/","og_locale":"es_ES","og_type":"article","og_title":"Advocacy - Parent Possible","og_description":"We advocate for policies at the state and federal level that support home visiting and the families we serve. Our advocacy efforts emerge out of our core beliefs.","og_url":"https:\/\/parentpossible.org\/es\/advocacy\/","og_site_name":"Parent Possible","article_modified_time":"2023-10-06T20:13:57+00:00","og_image":[{"width":1501,"height":664,"url":"https:\/\/parentpossible.org\/wp-content\/uploads\/2022\/08\/PP-Hero-Images-0003-e1663363669306.jpg","type":"image\/jpeg"}],"twitter_card":"summary_large_image","twitter_misc":{"Tiempo de lectura":"4 minutos"},"schema":{"@context":"https:\/\/schema.org","@graph":[{"@type":"WebPage","@id":"https:\/\/parentpossible.org\/advocacy\/","url":"https:\/\/parentpossible.org\/advocacy\/","name":"Advocacy - Parent Possible","isPartOf":{"@id":"https:\/\/parentpossible.org\/#website"},"primaryImageOfPage":{"@id":"https:\/\/parentpossible.org\/advocacy\/#primaryimage"},"image":{"@id":"https:\/\/parentpossible.org\/advocacy\/#primaryimage"},"thumbnailUrl":"https:\/\/parentpossible.org\/wp-content\/uploads\/2022\/08\/PP-Hero-Images-0003-e1663363669306.jpg","datePublished":"2016-09-21T03:41:33+00:00","dateModified":"2023-10-06T20:13:57+00:00","breadcrumb":{"@id":"https:\/\/parentpossible.org\/advocacy\/#breadcrumb"},"inLanguage":"es","potentialAction":[{"@type":"ReadAction","target":["https:\/\/parentpossible.org\/advocacy\/"]}]},{"@type":"ImageObject","inLanguage":"es","@id":"https:\/\/parentpossible.org\/advocacy\/#primaryimage","url":"https:\/\/parentpossible.org\/wp-content\/uploads\/2022\/08\/PP-Hero-Images-0003-e1663363669306.jpg","contentUrl":"https:\/\/parentpossible.org\/wp-content\/uploads\/2022\/08\/PP-Hero-Images-0003-e1663363669306.jpg","width":1501,"height":664,"caption":"Ten kids in a park playing tug-a-war smiling"},{"@type":"BreadcrumbList","@id":"https:\/\/parentpossible.org\/advocacy\/#breadcrumb","itemListElement":[{"@type":"ListItem","position":1,"name":"Home","item":"https:\/\/parentpossible.org\/"},{"@type":"ListItem","position":2,"name":"Advocacy"}]},{"@type":"WebSite","@id":"https:\/\/parentpossible.org\/#website","url":"https:\/\/parentpossible.org\/","name":"Parent Possible","description":"Stronger Families, Today and Tomorrow","potentialAction":[{"@type":"SearchAction","target":{"@type":"EntryPoint","urlTemplate":"https:\/\/parentpossible.org\/?s={search_term_string}"},"query-input":{"@type":"PropertyValueSpecification","valueRequired":true,"valueName":"search_term_string"}}],"inLanguage":"es"}]}},"_links":{"self":[{"href":"https:\/\/parentpossible.org\/es\/wp-json\/wp\/v2\/pages\/57","targetHints":{"allow":["GET"]}}],"collection":[{"href":"https:\/\/parentpossible.org\/es\/wp-json\/wp\/v2\/pages"}],"about":[{"href":"https:\/\/parentpossible.org\/es\/wp-json\/wp\/v2\/types\/page"}],"author":[{"embeddable":true,"href":"https:\/\/parentpossible.org\/es\/wp-json\/wp\/v2\/users\/1"}],"replies":[{"embeddable":true,"href":"https:\/\/parentpossible.org\/es\/wp-json\/wp\/v2\/comments?post=57"}],"version-history":[{"count":9,"href":"https:\/\/parentpossible.org\/es\/wp-json\/wp\/v2\/pages\/57\/revisions"}],"predecessor-version":[{"id":4866,"href":"https:\/\/parentpossible.org\/es\/wp-json\/wp\/v2\/pages\/57\/revisions\/4866"}],"wp:featuredmedia":[{"embeddable":true,"href":"https:\/\/parentpossible.org\/es\/wp-json\/wp\/v2\/media\/2914"}],"wp:attachment":[{"href":"https:\/\/parentpossible.org\/es\/wp-json\/wp\/v2\/media?parent=57"}],"curies":[{"name":"wp","href":"https:\/\/api.w.org\/{rel}","templated":true}]}}