{"id":821,"date":"2017-09-15T15:34:58","date_gmt":"2017-09-15T15:34:58","guid":{"rendered":"https:\/\/parentpossible.org\/?page_id=821"},"modified":"2026-01-23T22:09:19","modified_gmt":"2026-01-23T22:09:19","slug":"conference","status":"publish","type":"page","link":"https:\/\/parentpossible.org\/es\/conference\/","title":{"rendered":"Parent Possible Home Visiting Conference"},"content":{"rendered":"<p>[et_pb_section fb_built=&#8221;1&#8243; _builder_version=&#8221;4.17.4&#8243; _module_preset=&#8221;default&#8221; min_height=&#8221;562.2px&#8221; global_colors_info=&#8221;{}&#8221;][et_pb_row _builder_version=&#8221;4.17.4&#8243; _module_preset=&#8221;default&#8221; global_colors_info=&#8221;{}&#8221;][et_pb_column type=&#8221;4_4&#8243; _builder_version=&#8221;4.17.4&#8243; _module_preset=&#8221;default&#8221; global_colors_info=&#8221;{}&#8221;][et_pb_text _builder_version=&#8221;4.17.4&#8243; _module_preset=&#8221;default&#8221; text_font_size=&#8221;15px&#8221; text_orientation=&#8221;center&#8221; custom_margin=&#8221;-15px|||||&#8221; custom_padding=&#8221;0px|||||&#8221; global_colors_info=&#8221;{}&#8221;]<\/p>\n<p data-start=\"162\" data-end=\"391\"><br data-start=\"174\" data-end=\"177\" \/>The Parent Possible Home Visiting Conference has always been a special highlight of the year &#8211; a time to connect, celebrate, and learn together. That spirit of connection remains at the heart of everything we do.<\/p>\n<p data-start=\"393\" data-end=\"467\">Due to shifts in funding, we will not be hosting our conference in 2026.<\/p>\n<p data-start=\"469\" data-end=\"658\">As we reimagine what the next Parent Possible event could look like, we invite you to share your ideas and vision with us at <a class=\"decorated-link cursor-pointer\" rel=\"noopener\" data-start=\"594\" data-end=\"655\">events@parentpossible.org<\/a>.<\/p>\n<hr data-start=\"660\" data-end=\"663\" \/>\n<p data-start=\"665\" data-end=\"925\"><br data-start=\"677\" data-end=\"680\" \/>La Conferencia de<span class=\"TextRun SCXW45180850 BCX0\" lang=\"ES-ES\" xml:lang=\"ES-ES\" data-contrast=\"none\"><span class=\"NormalTextRun SCXW45180850 BCX0\">\u00a0Visitas Domiciliarias<\/span><\/span> siempre ha sido uno de los momentos m\u00e1s especiales del a\u00f1o: un espacio para conectarnos, celebrar y aprender juntos. Ese esp\u00edritu de conexi\u00f3n sigue siendo el coraz\u00f3n de todo lo que hacemos.<\/p>\n<p data-start=\"927\" data-end=\"1010\">Debido a cambios en la financiaci\u00f3n, no realizaremos nuestra conferencia en 2026.<\/p>\n<p data-start=\"1012\" data-end=\"1223\">Mientras reimaginamos c\u00f3mo podr\u00eda ser el pr\u00f3ximo evento de Parent Possible, te invitamos a compartir tus ideas y visi\u00f3n con nosotros escribiendo a <a class=\"decorated-link cursor-pointer\" rel=\"noopener\" data-start=\"1159\" data-end=\"1220\">events@parentpossible.org<\/a>.<\/p>\n<p>[\/et_pb_text][\/et_pb_column][\/et_pb_row][\/et_pb_section]<\/p>","protected":false},"excerpt":{"rendered":"<p>The Parent Possible Home Visiting Conference has always been a special highlight of the year &#8211; a time to connect, celebrate, and learn together. That spirit of connection remains at the heart of everything we do. Due to shifts in funding, we will not be hosting our conference in 2026. As we reimagine what the [&hellip;]<\/p>","protected":false},"author":3,"featured_media":2182,"parent":0,"menu_order":0,"comment_status":"closed","ping_status":"closed","template":"","meta":{"_et_pb_use_builder":"on","_et_pb_old_content":"<p>[et_pb_section fb_built=\"1\" _builder_version=\"4.17.4\" global_colors_info=\"{}\"][et_pb_row _builder_version=\"4.17.4\" _module_preset=\"default\" custom_padding=\"|||15px|false|false\" global_colors_info=\"{}\"][et_pb_column type=\"4_4\" _builder_version=\"4.17.4\" _module_preset=\"default\" global_colors_info=\"{}\"][et_pb_text admin_label=\"Conference Title\" _builder_version=\"4.17.4\" _module_preset=\"default\" global_colors_info=\"{}\"]<\/p><h2 style=\"text-align: center;\"><strong>Parent Possible Home Visiting Conference 2025<\/strong><\/h2><p style=\"text-align: left;\">[\/et_pb_text][et_pb_image src=\"https:\/\/parentpossible.org\/wp-content\/uploads\/2025\/01\/HorizontalRiR.jpg\" title_text=\"HorizontalRiR\" align=\"center\" _builder_version=\"4.17.4\" _module_preset=\"default\" global_colors_info=\"{}\"][\/et_pb_image][et_pb_video src=\"https:\/\/parentpossible.org\/wp-content\/uploads\/2025\/04\/2025-Conference-Promo-Video.mp4\" _builder_version=\"4.17.4\" _module_preset=\"default\" global_colors_info=\"{}\"][\/et_pb_video][\/et_pb_column][\/et_pb_row][et_pb_row column_structure=\"3_5,2_5\" _builder_version=\"4.17.4\" _module_preset=\"default\" custom_padding=\"|||15px|false|false\" global_colors_info=\"{}\"][et_pb_column type=\"3_5\" _builder_version=\"4.17.4\" _module_preset=\"default\" global_colors_info=\"{}\"][et_pb_text admin_label=\"Conference Overview\" _builder_version=\"4.17.4\" background_size=\"initial\" background_position=\"top_left\" background_repeat=\"repeat\" global_colors_info=\"{}\"]<\/p><h3>\u00a0<\/h3><h3>OVERVIEW<\/h3><p>\u00a0<\/p><p>The Parent Possible Home Visiting Conference brings together home visiting professionals for two days of informative and engaging workshops specifically created for those in the field of early childhood home visiting. This conference provides home visiting specific training, professional development, and networking opportunities for over 200 participants from across Colorado and beyond. We welcome all home visiting models and anyone who works with young children and families.<\/p><p>Workshop topic areas include Parenting & Child Development, Health & Well-Being for Providers, Innovative Program Strategies, and Health, Safety & Resources for Families.<\/p><p>For more information, contact Marissa Mallory, Conference, Training & Events Manager\u00a0\u2013 <a href=\"mailto:alexis@parentpossible.org\">marissa@parentpossible.org<\/a>.<\/p><p><span style=\"font-size: small;\"><em>Please note that we will NOT be having a virtual or hybrid conference<\/em><\/span><\/p><p>[\/et_pb_text][\/et_pb_column][et_pb_column type=\"2_5\" _builder_version=\"4.17.4\" _module_preset=\"default\" global_colors_info=\"{}\"][et_pb_divider show_divider=\"off\" _builder_version=\"4.17.4\" _module_preset=\"default\" custom_margin=\"57px||||false|false\" custom_padding=\"||||false|false\" global_colors_info=\"{}\"][\/et_pb_divider][et_pb_text admin_label=\"Sidebar title\" _builder_version=\"4.17.4\" _module_preset=\"default\" global_colors_info=\"{}\"]<\/p><p style=\"text-align: left;\"><strong>Parent Possible Home Visiting Conference 2025<\/strong><\/p><p style=\"text-align: left;\">[\/et_pb_text][et_pb_text _builder_version=\"4.17.4\" _module_preset=\"default\" global_colors_info=\"{}\"]<\/p><h4 style=\"text-align: left;\"><span style=\"color: #ff5c39;\">Wed. April 30 - Thu. May 1, 2025<\/span><\/h4><h4 style=\"text-align: left;\"><span data-teams=\"true\"><span class=\"ui-provider a b c d e f g h i j k l m n o p q r s t u v w x y z ab ac ae af ag ah ai aj ak\" dir=\"ltr\">Hyatt Regency Aurora-Denver Conference Center<\/span><\/span><\/h4><p style=\"text-align: left;\"><span data-teams=\"true\"><span class=\"ui-provider a b c d e f g h i j k l m n o p q r s t u v w x y z ab ac ae af ag ah ai aj ak\" dir=\"ltr\">13200 E 14th Pl, Aurora, CO 80011<\/span><\/span><\/p><p>[\/et_pb_text][\/et_pb_column][\/et_pb_row][et_pb_row column_structure=\"3_5,2_5\" _builder_version=\"4.17.4\" _module_preset=\"default\" global_colors_info=\"{}\"][et_pb_column type=\"3_5\" _builder_version=\"4.17.4\" _module_preset=\"default\" global_colors_info=\"{}\"][et_pb_text admin_label=\"registration \" _builder_version=\"4.17.4\" _module_preset=\"default\" global_colors_info=\"{}\"]<\/p><h4>Click <em><strong><a href=\"https:\/\/cpcf.sharepoint.com\/:b:\/g\/programs\/Ed-zhD9c4W1JkKQsP22z-LgBCiSp0_lXumsZ7U9qIzUnzw?e=Sd8rdO&xsdata=MDV8MDJ8bWFyaWFAcGFyZW50cG9zc2libGUub3JnfDQ0N2ZmZWYwNDZmMTRiYWM4MWRjMDhkZDAzMzFlY2VjfGJhM2YyNjk4MzgxYzQyNjI4NDk3NWFjNjAwYWY5OTBmfDF8MHw2Mzg2NzAyMzUxNTI2NzY5MTl8VW5rbm93bnxUV0ZwYkdac2IzZDhleUpGYlhCMGVVMWhjR2tpT25SeWRXVXNJbFlpT2lJd0xqQXVNREF3TUNJc0lsQWlPaUpYYVc0ek1pSXNJa0ZPSWpvaVRXRnBiQ0lzSWxkVUlqb3lmUT09fDB8fHw%3d&sdata=Z3dYWTJrZWsrMEFaZHBDc1JzQzNDeUlkNDE0WXJiVlhBclRBS05BdGFFaz0%3d\">here<\/a><\/strong><\/em> for the Parent Possible Home Visiting Conference 2025 flyer!<\/h4><p>[\/et_pb_text][et_pb_text admin_label=\"Presenters\" _builder_version=\"4.17.4\" _module_preset=\"default\" global_colors_info=\"{}\"]<\/p><h3>PRESENTERS<\/h3><p>Interested in becoming a Presenter for the 2025 Conference? <a href=\"https:\/\/survey.alchemer.com\/s3\/8020650\/2025-Parent-Possible-Home-Visiting-Conference-RFP\">Follow this link for more information<\/a>.<\/p><p>[\/et_pb_text][et_pb_text admin_label=\"exhibitors \" _builder_version=\"4.17.4\" _module_preset=\"default\" global_colors_info=\"{}\"]<\/p><h3>EXHIBITORS<\/h3><p>Interested in becoming an exhibitor for the 2025 Conference? <a href=\"https:\/\/cpcf.sharepoint.com\/:b:\/g\/programs\/EWUkXPRpLhJIpFAlwHSfG58Bthwe5I8P9f2KewKxx2hgMg?e=rgpBSf&xsdata=MDV8MDJ8bWFyaWFAcGFyZW50cG9zc2libGUub3JnfDQ0N2ZmZWYwNDZmMTRiYWM4MWRjMDhkZDAzMzFlY2VjfGJhM2YyNjk4MzgxYzQyNjI4NDk3NWFjNjAwYWY5OTBmfDF8MHw2Mzg2NzAyMzUxNTI2NjIxMTl8VW5rbm93bnxUV0ZwYkdac2IzZDhleUpGYlhCMGVVMWhjR2tpT25SeWRXVXNJbFlpT2lJd0xqQXVNREF3TUNJc0lsQWlPaUpYYVc0ek1pSXNJa0ZPSWpvaVRXRnBiQ0lzSWxkVUlqb3lmUT09fDB8fHw%3d&sdata=V29jcW13dkU3K2lBS0JsazF2TmhNU00vcm5rSFZEbjlLeGd1SlJuekF5Zz0%3d\">Follow this link for more information.<\/a><\/p><p>\u00a0<\/p><p>[\/et_pb_text][et_pb_text admin_label=\"Sponsors\" _builder_version=\"4.17.4\" _module_preset=\"default\" link_option_url=\"https:\/\/cpcf.sharepoint.com\/:b:\/g\/programs\/EVQ0f_-BmWNPiVG8WQNA2-IBigKmf2WrKWdkI8ltEy6S6w?e=UD8rQP\" global_colors_info=\"{}\"]<\/p><h3>SPONSORS<\/h3><p>Interested in becoming a sponsor for the 2025 Conference? <a href=\"https:\/\/cpcf.sharepoint.com\/:b:\/g\/programs\/EVQ0f_-BmWNPiVG8WQNA2-IBigKmf2WrKWdkI8ltEy6S6w?e=PyMfLI\">Follow this link for more information.\u00a0<\/a><\/p><p>[\/et_pb_text][\/et_pb_column][et_pb_column type=\"2_5\" _builder_version=\"4.17.4\" _module_preset=\"default\" global_colors_info=\"{}\"][et_pb_image src=\"https:\/\/parentpossible.org\/wp-content\/uploads\/2024\/10\/\u00a9InSync-HVC_2024-DAY-TWO-674-scaled.jpg\" title_text=\"\u00a9InSync-HVC_2024 DAY TWO-674\" _builder_version=\"4.17.4\" _module_preset=\"default\" height=\"180px\" global_colors_info=\"{}\"][\/et_pb_image][et_pb_image src=\"https:\/\/parentpossible.org\/wp-content\/uploads\/2024\/10\/\u00a9InSync-HVC_2024-DAY-ONE-208-scaled.jpg\" title_text=\"\u00a9InSync-HVC_2024 DAY ONE-208\" _builder_version=\"4.17.4\" _module_preset=\"default\" max_height=\"180px\" global_colors_info=\"{}\"][\/et_pb_image][\/et_pb_column][\/et_pb_row][\/et_pb_section][et_pb_section fb_built=\"1\" _builder_version=\"4.17.4\" _module_preset=\"default\" global_colors_info=\"{}\"][et_pb_row _builder_version=\"4.17.4\" _module_preset=\"default\" global_colors_info=\"{}\"][et_pb_column type=\"4_4\" _builder_version=\"4.17.4\" _module_preset=\"default\" global_colors_info=\"{}\"][et_pb_text _builder_version=\"4.17.4\" _module_preset=\"default\" global_colors_info=\"{}\"]<\/p><h1 style=\"text-align: center;\"><strong>THANKS TO OUR SPONSORS:\u00a0<\/strong><\/h1><p>\u00a0<\/p><h2 class=\"x_MsoNormal\" style=\"text-align: center;\" data-olk-copy-source=\"MessageBody\">GOLD<\/h2><h2 class=\"x_MsoNormal\" style=\"text-align: center;\" data-olk-copy-source=\"MessageBody\"><img class=\"wp-image-5802 aligncenter \" src=\"https:\/\/parentpossible.org\/wp-content\/uploads\/2025\/03\/Gold-Sponsor-Logo-CO-Health-Foundation-300x71.png\" alt=\"\" width=\"432\" height=\"102\" \/><img class=\"wp-image-5801 aligncenter size-medium\" src=\"https:\/\/parentpossible.org\/wp-content\/uploads\/2025\/03\/Gold-Sponsor-Logo-Alpine-Bank-300x62.jpg\" alt=\"\" width=\"300\" height=\"62\" \/><\/h2><p>\u00a0<\/p><h2 class=\"x_MsoNormal\" style=\"text-align: center;\">SILVER<\/h2><p>\u00a0<\/p><h2 class=\"x_MsoNormal\" style=\"text-align: center;\"><img class=\"wp-image-5804 aligncenter size-medium\" src=\"https:\/\/parentpossible.org\/wp-content\/uploads\/2025\/03\/Silver-Sponsor-Logo-Banc-of-California-300x77.png\" alt=\"\" width=\"300\" height=\"77\" \/><\/h2><p>\u00a0<\/p><p class=\"x_MsoNormal\"><img class=\"wp-image-5803 aligncenter size-medium\" src=\"https:\/\/parentpossible.org\/wp-content\/uploads\/2025\/03\/logo_chase.jpg\" alt=\"\" width=\"216\" height=\"40\" \/><\/p><p>\u00a0<\/p><p><img class=\"wp-image-5897 aligncenter size-medium\" src=\"https:\/\/parentpossible.org\/wp-content\/uploads\/2025\/04\/logo_csquared_revised_color-small-300x70.png\" alt=\"\" width=\"300\" height=\"70\" \/><\/p><p>\u00a0<\/p><h3 class=\"x_MsoNormal\" style=\"text-align: center;\">BRONZE<\/h3><p>\u00a0<\/p><h3 class=\"x_MsoNormal\" style=\"text-align: center;\"><img class=\"wp-image-5800 aligncenter size-medium\" src=\"https:\/\/parentpossible.org\/wp-content\/uploads\/2025\/03\/Bronze-Sponsor-Logo-First-Bank-300x290.jpg\" alt=\"\" width=\"300\" height=\"290\" \/><\/h3><p>\u00a0<\/p><p>\u00a0<\/p><h3 style=\"text-align: center;\">PARTNER<\/h3><p>\u00a0<\/p><p>\u00a0<\/p><p><img class=\"wp-image-5898 aligncenter size-full\" src=\"https:\/\/parentpossible.org\/wp-content\/uploads\/2025\/04\/Partner-Sponsor-Logo-Visit-Tracker.jpg\" alt=\"\" width=\"300\" height=\"59\" \/><\/p><p>[\/et_pb_text][\/et_pb_column][\/et_pb_row][\/et_pb_section]<\/p>","_et_gb_content_width":"","footnotes":""},"class_list":["post-821","page","type-page","status-publish","has-post-thumbnail","hentry"],"yoast_head":"<!-- This site is optimized with the Yoast SEO plugin v26.8 - https:\/\/yoast.com\/product\/yoast-seo-wordpress\/ -->\n<title>Parent Possible Home Visiting Conference - Parent Possible<\/title>\n<meta name=\"description\" content=\"Parent Possible&#039;s Home Visiting Conference is a chance for home visitors (and others) to attend trainings, connect with peers and grow.\" \/>\n<meta name=\"robots\" content=\"index, follow, max-snippet:-1, max-image-preview:large, max-video-preview:-1\" \/>\n<link rel=\"canonical\" href=\"https:\/\/parentpossible.org\/es\/conference\/\" \/>\n<meta property=\"og:locale\" content=\"es_ES\" \/>\n<meta property=\"og:type\" content=\"article\" \/>\n<meta property=\"og:title\" content=\"Parent Possible Home Visiting Conference - Parent Possible\" \/>\n<meta property=\"og:description\" content=\"Parent Possible&#039;s Home Visiting Conference is a chance for home visitors (and others) to attend trainings, connect with peers and grow.\" \/>\n<meta property=\"og:url\" content=\"https:\/\/parentpossible.org\/es\/conference\/\" \/>\n<meta property=\"og:site_name\" content=\"Parent Possible\" \/>\n<meta property=\"article:modified_time\" content=\"2026-01-23T22:09:19+00:00\" \/>\n<meta property=\"og:image\" content=\"https:\/\/parentpossible.org\/wp-content\/uploads\/2021\/11\/MicrosoftTeams-image-9-scaled.jpg\" \/>\n\t<meta property=\"og:image:width\" content=\"2560\" \/>\n\t<meta property=\"og:image:height\" content=\"785\" \/>\n\t<meta property=\"og:image:type\" content=\"image\/jpeg\" \/>\n<meta name=\"twitter:card\" content=\"summary_large_image\" \/>\n<meta name=\"twitter:label1\" content=\"Tiempo de lectura\" \/>\n\t<meta name=\"twitter:data1\" content=\"1 minuto\" \/>\n<script type=\"application\/ld+json\" class=\"yoast-schema-graph\">{\"@context\":\"https:\/\/schema.org\",\"@graph\":[{\"@type\":\"WebPage\",\"@id\":\"https:\/\/parentpossible.org\/conference\/\",\"url\":\"https:\/\/parentpossible.org\/conference\/\",\"name\":\"Parent Possible Home Visiting Conference - Parent Possible\",\"isPartOf\":{\"@id\":\"https:\/\/parentpossible.org\/#website\"},\"primaryImageOfPage\":{\"@id\":\"https:\/\/parentpossible.org\/conference\/#primaryimage\"},\"image\":{\"@id\":\"https:\/\/parentpossible.org\/conference\/#primaryimage\"},\"thumbnailUrl\":\"https:\/\/parentpossible.org\/wp-content\/uploads\/2021\/11\/MicrosoftTeams-image-9-scaled.jpg\",\"datePublished\":\"2017-09-15T15:34:58+00:00\",\"dateModified\":\"2026-01-23T22:09:19+00:00\",\"description\":\"Parent Possible's Home Visiting Conference is a chance for home visitors (and others) to attend trainings, connect with peers and grow.\",\"breadcrumb\":{\"@id\":\"https:\/\/parentpossible.org\/conference\/#breadcrumb\"},\"inLanguage\":\"es\",\"potentialAction\":[{\"@type\":\"ReadAction\",\"target\":[\"https:\/\/parentpossible.org\/conference\/\"]}]},{\"@type\":\"ImageObject\",\"inLanguage\":\"es\",\"@id\":\"https:\/\/parentpossible.org\/conference\/#primaryimage\",\"url\":\"https:\/\/parentpossible.org\/wp-content\/uploads\/2021\/11\/MicrosoftTeams-image-9-scaled.jpg\",\"contentUrl\":\"https:\/\/parentpossible.org\/wp-content\/uploads\/2021\/11\/MicrosoftTeams-image-9-scaled.jpg\",\"width\":2560,\"height\":785},{\"@type\":\"BreadcrumbList\",\"@id\":\"https:\/\/parentpossible.org\/conference\/#breadcrumb\",\"itemListElement\":[{\"@type\":\"ListItem\",\"position\":1,\"name\":\"Home\",\"item\":\"https:\/\/parentpossible.org\/\"},{\"@type\":\"ListItem\",\"position\":2,\"name\":\"Parent Possible Home Visiting Conference\"}]},{\"@type\":\"WebSite\",\"@id\":\"https:\/\/parentpossible.org\/#website\",\"url\":\"https:\/\/parentpossible.org\/\",\"name\":\"Parent Possible\",\"description\":\"Stronger Families, Today and Tomorrow\",\"potentialAction\":[{\"@type\":\"SearchAction\",\"target\":{\"@type\":\"EntryPoint\",\"urlTemplate\":\"https:\/\/parentpossible.org\/?s={search_term_string}\"},\"query-input\":{\"@type\":\"PropertyValueSpecification\",\"valueRequired\":true,\"valueName\":\"search_term_string\"}}],\"inLanguage\":\"es\"}]}<\/script>\n<!-- \/ Yoast SEO plugin. -->","yoast_head_json":{"title":"Parent Possible Home Visiting Conference - Parent Possible","description":"Parent Possible's Home Visiting Conference is a chance for home visitors (and others) to attend trainings, connect with peers and grow.","robots":{"index":"index","follow":"follow","max-snippet":"max-snippet:-1","max-image-preview":"max-image-preview:large","max-video-preview":"max-video-preview:-1"},"canonical":"https:\/\/parentpossible.org\/es\/conference\/","og_locale":"es_ES","og_type":"article","og_title":"Parent Possible Home Visiting Conference - Parent Possible","og_description":"Parent Possible's Home Visiting Conference is a chance for home visitors (and others) to attend trainings, connect with peers and grow.","og_url":"https:\/\/parentpossible.org\/es\/conference\/","og_site_name":"Parent Possible","article_modified_time":"2026-01-23T22:09:19+00:00","og_image":[{"width":2560,"height":785,"url":"https:\/\/parentpossible.org\/wp-content\/uploads\/2021\/11\/MicrosoftTeams-image-9-scaled.jpg","type":"image\/jpeg"}],"twitter_card":"summary_large_image","twitter_misc":{"Tiempo de lectura":"1 minuto"},"schema":{"@context":"https:\/\/schema.org","@graph":[{"@type":"WebPage","@id":"https:\/\/parentpossible.org\/conference\/","url":"https:\/\/parentpossible.org\/conference\/","name":"Parent Possible Home Visiting Conference - Parent Possible","isPartOf":{"@id":"https:\/\/parentpossible.org\/#website"},"primaryImageOfPage":{"@id":"https:\/\/parentpossible.org\/conference\/#primaryimage"},"image":{"@id":"https:\/\/parentpossible.org\/conference\/#primaryimage"},"thumbnailUrl":"https:\/\/parentpossible.org\/wp-content\/uploads\/2021\/11\/MicrosoftTeams-image-9-scaled.jpg","datePublished":"2017-09-15T15:34:58+00:00","dateModified":"2026-01-23T22:09:19+00:00","description":"Parent Possible's Home Visiting Conference is a chance for home visitors (and others) to attend trainings, connect with peers and grow.","breadcrumb":{"@id":"https:\/\/parentpossible.org\/conference\/#breadcrumb"},"inLanguage":"es","potentialAction":[{"@type":"ReadAction","target":["https:\/\/parentpossible.org\/conference\/"]}]},{"@type":"ImageObject","inLanguage":"es","@id":"https:\/\/parentpossible.org\/conference\/#primaryimage","url":"https:\/\/parentpossible.org\/wp-content\/uploads\/2021\/11\/MicrosoftTeams-image-9-scaled.jpg","contentUrl":"https:\/\/parentpossible.org\/wp-content\/uploads\/2021\/11\/MicrosoftTeams-image-9-scaled.jpg","width":2560,"height":785},{"@type":"BreadcrumbList","@id":"https:\/\/parentpossible.org\/conference\/#breadcrumb","itemListElement":[{"@type":"ListItem","position":1,"name":"Home","item":"https:\/\/parentpossible.org\/"},{"@type":"ListItem","position":2,"name":"Parent Possible Home Visiting Conference"}]},{"@type":"WebSite","@id":"https:\/\/parentpossible.org\/#website","url":"https:\/\/parentpossible.org\/","name":"Parent Possible","description":"Stronger Families, Today and Tomorrow","potentialAction":[{"@type":"SearchAction","target":{"@type":"EntryPoint","urlTemplate":"https:\/\/parentpossible.org\/?s={search_term_string}"},"query-input":{"@type":"PropertyValueSpecification","valueRequired":true,"valueName":"search_term_string"}}],"inLanguage":"es"}]}},"_links":{"self":[{"href":"https:\/\/parentpossible.org\/es\/wp-json\/wp\/v2\/pages\/821","targetHints":{"allow":["GET"]}}],"collection":[{"href":"https:\/\/parentpossible.org\/es\/wp-json\/wp\/v2\/pages"}],"about":[{"href":"https:\/\/parentpossible.org\/es\/wp-json\/wp\/v2\/types\/page"}],"author":[{"embeddable":true,"href":"https:\/\/parentpossible.org\/es\/wp-json\/wp\/v2\/users\/3"}],"replies":[{"embeddable":true,"href":"https:\/\/parentpossible.org\/es\/wp-json\/wp\/v2\/comments?post=821"}],"version-history":[{"count":10,"href":"https:\/\/parentpossible.org\/es\/wp-json\/wp\/v2\/pages\/821\/revisions"}],"predecessor-version":[{"id":6110,"href":"https:\/\/parentpossible.org\/es\/wp-json\/wp\/v2\/pages\/821\/revisions\/6110"}],"wp:featuredmedia":[{"embeddable":true,"href":"https:\/\/parentpossible.org\/es\/wp-json\/wp\/v2\/media\/2182"}],"wp:attachment":[{"href":"https:\/\/parentpossible.org\/es\/wp-json\/wp\/v2\/media?parent=821"}],"curies":[{"name":"wp","href":"https:\/\/api.w.org\/{rel}","templated":true}]}}