{"id":9,"date":"2016-09-21T03:25:29","date_gmt":"2016-09-21T03:25:29","guid":{"rendered":"https:\/\/parentpossible.org\/?page_id=9"},"modified":"2026-02-12T16:10:43","modified_gmt":"2026-02-12T16:10:43","slug":"about-us","status":"publish","type":"page","link":"https:\/\/parentpossible.org\/es\/about-us\/","title":{"rendered":"Sobre Nosotros"},"content":{"rendered":"<p>[et_pb_section fb_built=&#8221;1&#8243; admin_label=&#8221;Page Content Section&#8221; _builder_version=&#8221;4.17.4&#8243; custom_padding=&#8221;5px||||false|false&#8221; global_colors_info=&#8221;{}&#8221;][et_pb_row admin_label=&#8221;row&#8221; _builder_version=&#8221;4.16&#8243; background_size=&#8221;initial&#8221; background_position=&#8221;top_left&#8221; background_repeat=&#8221;repeat&#8221; min_height=&#8221;64.6px&#8221; custom_margin=&#8221;|auto|-21px|auto||&#8221; global_colors_info=&#8221;{}&#8221;][et_pb_column type=&#8221;4_4&#8243; _builder_version=&#8221;4.16&#8243; custom_padding=&#8221;|||&#8221; global_colors_info=&#8221;{}&#8221; custom_padding__hover=&#8221;|||&#8221;][et_pb_text admin_label=&#8221;Text&#8221; _builder_version=&#8221;4.17.4&#8243; background_size=&#8221;initial&#8221; background_position=&#8221;top_left&#8221; background_repeat=&#8221;repeat&#8221; global_colors_info=&#8221;{}&#8221;]<\/p>\n<h2><strong>Creemos que todos los padres tienen potencial<\/strong><\/h2>\n<p>\n<script>\n  (function(i,s,o,g,r,a,m){i['GoogleAnalyticsObject']=r;i[r]=i[r]||function(){\n  (i[r].q=i[r].q||[]).push(arguments)},i[r].l=1*new Date();a=s.createElement(o),\n  m=s.getElementsByTagName(o)[0];a.async=1;a.src=g;m.parentNode.insertBefore(a,m)\n  })(window,document,'script','https:\/\/www.google-analytics.com\/analytics.js','ga');<\/p>\n<p>  ga('create', 'UA-92898002-1', 'auto');\n  ga('send', 'pageview');<\/p>\n<p><\/script>\n<\/p>\n<p>[\/et_pb_text][\/et_pb_column][\/et_pb_row][et_pb_row column_structure=&#8221;3_5,2_5&#8243; admin_label=&#8221;row&#8221; _builder_version=&#8221;4.16&#8243; background_size=&#8221;initial&#8221; background_position=&#8221;top_left&#8221; background_repeat=&#8221;repeat&#8221; global_colors_info=&#8221;{}&#8221;][et_pb_column type=&#8221;3_5&#8243; _builder_version=&#8221;4.16&#8243; custom_padding=&#8221;|||&#8221; global_colors_info=&#8221;{}&#8221; custom_padding__hover=&#8221;|||&#8221;][et_pb_text admin_label=&#8221;Text&#8221; _builder_version=&#8221;4.17.4&#8243; background_size=&#8221;initial&#8221; background_position=&#8221;top_left&#8221; background_repeat=&#8221;repeat&#8221; global_colors_info=&#8221;{}&#8221;]<\/p>\n<p>Los padres que desean una vida mejor para sus hijos merecen acceso a la educaci\u00f3n, el entrenamiento y el apoyo necesarios para convertirse en una fuerza positiva en el \u00e9xito educativo y en la vida de ese ni\u00f1o. Hasta que todos los padres, independientemente de las circunstancias econ\u00f3micas, est\u00e9n empoderados para ser los primeros y m\u00e1s influyentes maestros de sus hijos, el trabajo de Parent Possible no estar\u00e1 terminado.<\/p>\n<p>Parent Possible promueve y apoya programas de alta calidad basados en evidencia enfocados en padres de ni\u00f1os desde el nacimiento hasta el kindergarten. Cada programa busca involucrar a los padres donde est\u00e1n, inspirando la participaci\u00f3n de los padres, facilitando la preparaci\u00f3n escolar y fortaleciendo las oportunidades para que los ni\u00f1os alcancen su m\u00e1ximo potencial.<\/p>\n<p>\n<script>\n  (function(i,s,o,g,r,a,m){i['GoogleAnalyticsObject']=r;i[r]=i[r]||function(){\n  (i[r].q=i[r].q||[]).push(arguments)},i[r].l=1*new Date();a=s.createElement(o),\n  m=s.getElementsByTagName(o)[0];a.async=1;a.src=g;m.parentNode.insertBefore(a,m)\n  })(window,document,'script','https:\/\/www.google-analytics.com\/analytics.js','ga');<\/p>\n<p>  ga('create', 'UA-92898002-1', 'auto');\n  ga('send', 'pageview');<\/p>\n<p><\/script>\n<\/p>\n<p>[\/et_pb_text][\/et_pb_column][et_pb_column type=&#8221;2_5&#8243; _builder_version=&#8221;4.16&#8243; custom_padding=&#8221;|||&#8221; global_colors_info=&#8221;{}&#8221; custom_padding__hover=&#8221;|||&#8221;][et_pb_video src=&#8221;https:\/\/www.youtube.com\/watch?v=EzCjeTUo150&#8243; _builder_version=&#8221;4.17.4&#8243; _module_preset=&#8221;default&#8221; custom_padding=&#8221;0px|||||&#8221; global_colors_info=&#8221;{}&#8221; src__hover_enabled=&#8221;on|hover&#8221; src__hover=&#8221;https:\/\/www.youtube.com\/watch?v=EzCjeTUo150&#8243;][\/et_pb_video][et_pb_text _builder_version=&#8221;4.17.4&#8243; _module_preset=&#8221;default&#8221; custom_margin=&#8221;-15px||||false|false&#8221; global_colors_info=&#8221;{}&#8221;]<\/p>\n<p>Mire el video de arriba para aprender m\u00e1s sobre el trabajo de Parent Possible.<\/p>\n<p>[\/et_pb_text][\/et_pb_column][\/et_pb_row][et_pb_row admin_label=&#8221;row&#8221; _builder_version=&#8221;4.16&#8243; background_size=&#8221;initial&#8221; background_position=&#8221;top_left&#8221; background_repeat=&#8221;repeat&#8221; global_colors_info=&#8221;{}&#8221;][et_pb_column type=&#8221;4_4&#8243; _builder_version=&#8221;4.16&#8243; custom_padding=&#8221;|||&#8221; global_colors_info=&#8221;{}&#8221; custom_padding__hover=&#8221;|||&#8221;][et_pb_text admin_label=&#8221;Text&#8221; _builder_version=&#8221;4.17.4&#8243; background_size=&#8221;initial&#8221; background_position=&#8221;top_left&#8221; background_repeat=&#8221;repeat&#8221; global_colors_info=&#8221;{}&#8221;]<\/p>\n<h2>Nuestra Misi\u00f3n<\/h2>\n<p>Imaginamos un Colorado donde cada familia sea un ecosistema pr\u00f3spero de aprendizaje, risas y bienestar. Nuestra misi\u00f3n es equipar a los padres con las herramientas y la informaci\u00f3n para que sean los maestros, entrenadores y mentores m\u00e1s valiosos de sus hijos en la vida.<\/p>\n<p>[\/et_pb_text][\/et_pb_column][\/et_pb_row][et_pb_row _builder_version=&#8221;4.17.4&#8243; _module_preset=&#8221;default&#8221; global_colors_info=&#8221;{}&#8221;][et_pb_column type=&#8221;4_4&#8243; _builder_version=&#8221;4.17.4&#8243; _module_preset=&#8221;default&#8221; global_colors_info=&#8221;{}&#8221;][et_pb_text _builder_version=&#8221;4.17.4&#8243; _module_preset=&#8221;default&#8221; global_colors_info=&#8221;{}&#8221;]<\/p>\n<h2>Nuestras Creencias<\/h2>\n<p>Creemos que todos los padres tienen potencial y que las familias son el recurso m\u00e1s importante para el crecimiento y desarrollo de sus hijos.<\/p>\n<p>Creemos que los padres tienen \u00e9xito cuando est\u00e1n informados y se sienten apoyados.<\/p>\n<p>Creemos que alcanzar a los padres donde est\u00e1n \u2013 en el mundo complejo y estresante de la crianza de los hijos\u2013 crea un camino hacia el compromiso de por vida.<\/p>\n<p>&nbsp;<\/p>\n<p><script>\n  (function(i,s,o,g,r,a,m){i['GoogleAnalyticsObject']=r;i[r]=i[r]||function(){\n  (i[r].q=i[r].q||[]).push(arguments)},i[r].l=1*new Date();a=s.createElement(o),\n  m=s.getElementsByTagName(o)[0];a.async=1;a.src=g;m.parentNode.insertBefore(a,m)\n  })(window,document,'script','https:\/\/www.google-analytics.com\/analytics.js','ga');<\/p>\n<p>  ga('create', 'UA-92898002-1', 'auto');\n  ga('send', 'pageview');<\/p>\n<p><\/script><\/p>\n<p>[\/et_pb_text][\/et_pb_column][\/et_pb_row][\/et_pb_section]<\/p>","protected":false},"excerpt":{"rendered":"<p>We believe every parent has potential Parents who want a better life for their child deserve access to the education, coaching and support needed to become a positive force in that child\u2019s educational and life success. Until all parents, regardless of economic circumstances, are empowered to be their child\u2019s first and most influential teacher, Parent [&hellip;]<\/p>","protected":false},"author":1,"featured_media":2816,"parent":0,"menu_order":0,"comment_status":"closed","ping_status":"closed","template":"","meta":{"_et_pb_use_builder":"on","_et_pb_old_content":"Parents who want a better life for their child deserve access to the education, coaching and support needed to become a positive force in that child\u2019s educational and life success. Until all parents, regardless of economic circumstances, are empowered to be their child\u2019s first and most influential teacher, Parent Possible\u2019s work is not done.\r\n\r\nParent Possible promotes and supports evidence-based, high-quality programs focused on parents of children aged birth \u2013 kindergarten. Each program seeks to engage with parents where they are \u2013 inspiring parent involvement, facilitating school readiness, and strengthening opportunities for children to achieve their full potential.\r\n\r\n[video width=\"1280\" height=\"720\" mp4=\"https:\/\/parentpossible.org\/wp-content\/uploads\/2016\/09\/ParentPossible2.mp4\"][\/video]\r\n<h2>Our Mission<\/h2>\r\nWe envision a Colorado where every family is a thriving ecosystem of learning, laughing and well-being. Our mission is to equip parents with the tools and information to be their child\u2019s most valuable teacher, trainer and mentor in life.\r\n<h2>Our Beliefs<\/h2>\r\nWe believe every parent has potential, and that families are the most critical resource for their child\u2019s growth and development.\r\n\r\nWe believe parents succeed when they are informed and feel supported.\r\n\r\nWe believe reaching parents where they are \u2013 in the complex and stressful world of parenting \u2013 creates a pathway to lifelong engagement.\r\n\r\n\u00a0\r\n\r\n<script>\r\n  (function(i,s,o,g,r,a,m){i['GoogleAnalyticsObject']=r;i[r]=i[r]||function(){\r\n  (i[r].q=i[r].q||[]).push(arguments)},i[r].l=1*new Date();a=s.createElement(o),\r\n  m=s.getElementsByTagName(o)[0];a.async=1;a.src=g;m.parentNode.insertBefore(a,m)\r\n  })(window,document,'script','https:\/\/www.google-analytics.com\/analytics.js','ga');\r\n\r\n  ga('create', 'UA-92898002-1', 'auto');\r\n  ga('send', 'pageview');\r\n\r\n<\/script>","_et_gb_content_width":"","footnotes":""},"class_list":["post-9","page","type-page","status-publish","has-post-thumbnail","hentry"],"yoast_head":"<!-- This site is optimized with the Yoast SEO plugin v26.8 - https:\/\/yoast.com\/product\/yoast-seo-wordpress\/ -->\n<title>About Us - Parent Possible<\/title>\n<meta name=\"description\" content=\"Parent Possible has supported families for more than 30 years, helping Colorado children to thrive. Learn more about us\" \/>\n<meta name=\"robots\" content=\"index, follow, max-snippet:-1, max-image-preview:large, max-video-preview:-1\" \/>\n<link rel=\"canonical\" href=\"https:\/\/parentpossible.org\/es\/about-us\/\" \/>\n<meta property=\"og:locale\" content=\"es_ES\" \/>\n<meta property=\"og:type\" content=\"article\" \/>\n<meta property=\"og:title\" content=\"About Us - Parent Possible\" \/>\n<meta property=\"og:description\" content=\"Parent Possible has supported families for more than 30 years, helping Colorado children to thrive. Learn more about us\" \/>\n<meta property=\"og:url\" content=\"https:\/\/parentpossible.org\/es\/about-us\/\" \/>\n<meta property=\"og:site_name\" content=\"Parent Possible\" \/>\n<meta property=\"article:modified_time\" content=\"2026-02-12T16:10:43+00:00\" \/>\n<meta property=\"og:image\" content=\"https:\/\/parentpossible.org\/wp-content\/uploads\/2022\/07\/PP-Hero-Images-02a.jpg\" \/>\n\t<meta property=\"og:image:width\" content=\"1650\" \/>\n\t<meta property=\"og:image:height\" content=\"525\" \/>\n\t<meta property=\"og:image:type\" content=\"image\/jpeg\" \/>\n<meta name=\"twitter:card\" content=\"summary_large_image\" \/>\n<meta name=\"twitter:label1\" content=\"Tiempo de lectura\" \/>\n\t<meta name=\"twitter:data1\" content=\"2 minutos\" \/>\n<script type=\"application\/ld+json\" class=\"yoast-schema-graph\">{\"@context\":\"https:\/\/schema.org\",\"@graph\":[{\"@type\":\"WebPage\",\"@id\":\"https:\/\/parentpossible.org\/about-us\/\",\"url\":\"https:\/\/parentpossible.org\/about-us\/\",\"name\":\"About Us - Parent Possible\",\"isPartOf\":{\"@id\":\"https:\/\/parentpossible.org\/#website\"},\"primaryImageOfPage\":{\"@id\":\"https:\/\/parentpossible.org\/about-us\/#primaryimage\"},\"image\":{\"@id\":\"https:\/\/parentpossible.org\/about-us\/#primaryimage\"},\"thumbnailUrl\":\"https:\/\/parentpossible.org\/wp-content\/uploads\/2022\/07\/PP-Hero-Images-02a.jpg\",\"datePublished\":\"2016-09-21T03:25:29+00:00\",\"dateModified\":\"2026-02-12T16:10:43+00:00\",\"description\":\"Parent Possible has supported families for more than 30 years, helping Colorado children to thrive. Learn more about us\",\"breadcrumb\":{\"@id\":\"https:\/\/parentpossible.org\/about-us\/#breadcrumb\"},\"inLanguage\":\"es\",\"potentialAction\":[{\"@type\":\"ReadAction\",\"target\":[\"https:\/\/parentpossible.org\/about-us\/\"]}]},{\"@type\":\"ImageObject\",\"inLanguage\":\"es\",\"@id\":\"https:\/\/parentpossible.org\/about-us\/#primaryimage\",\"url\":\"https:\/\/parentpossible.org\/wp-content\/uploads\/2022\/07\/PP-Hero-Images-02a.jpg\",\"contentUrl\":\"https:\/\/parentpossible.org\/wp-content\/uploads\/2022\/07\/PP-Hero-Images-02a.jpg\",\"width\":1650,\"height\":525,\"caption\":\"Home Visitor and child engaging\"},{\"@type\":\"BreadcrumbList\",\"@id\":\"https:\/\/parentpossible.org\/about-us\/#breadcrumb\",\"itemListElement\":[{\"@type\":\"ListItem\",\"position\":1,\"name\":\"Home\",\"item\":\"https:\/\/parentpossible.org\/\"},{\"@type\":\"ListItem\",\"position\":2,\"name\":\"About Us\"}]},{\"@type\":\"WebSite\",\"@id\":\"https:\/\/parentpossible.org\/#website\",\"url\":\"https:\/\/parentpossible.org\/\",\"name\":\"Parent Possible\",\"description\":\"Stronger Families, Today and Tomorrow\",\"potentialAction\":[{\"@type\":\"SearchAction\",\"target\":{\"@type\":\"EntryPoint\",\"urlTemplate\":\"https:\/\/parentpossible.org\/?s={search_term_string}\"},\"query-input\":{\"@type\":\"PropertyValueSpecification\",\"valueRequired\":true,\"valueName\":\"search_term_string\"}}],\"inLanguage\":\"es\"}]}<\/script>\n<!-- \/ Yoast SEO plugin. -->","yoast_head_json":{"title":"About Us - Parent Possible","description":"Parent Possible has supported families for more than 30 years, helping Colorado children to thrive. Learn more about us","robots":{"index":"index","follow":"follow","max-snippet":"max-snippet:-1","max-image-preview":"max-image-preview:large","max-video-preview":"max-video-preview:-1"},"canonical":"https:\/\/parentpossible.org\/es\/about-us\/","og_locale":"es_ES","og_type":"article","og_title":"About Us - Parent Possible","og_description":"Parent Possible has supported families for more than 30 years, helping Colorado children to thrive. Learn more about us","og_url":"https:\/\/parentpossible.org\/es\/about-us\/","og_site_name":"Parent Possible","article_modified_time":"2026-02-12T16:10:43+00:00","og_image":[{"width":1650,"height":525,"url":"https:\/\/parentpossible.org\/wp-content\/uploads\/2022\/07\/PP-Hero-Images-02a.jpg","type":"image\/jpeg"}],"twitter_card":"summary_large_image","twitter_misc":{"Tiempo de lectura":"2 minutos"},"schema":{"@context":"https:\/\/schema.org","@graph":[{"@type":"WebPage","@id":"https:\/\/parentpossible.org\/about-us\/","url":"https:\/\/parentpossible.org\/about-us\/","name":"About Us - Parent Possible","isPartOf":{"@id":"https:\/\/parentpossible.org\/#website"},"primaryImageOfPage":{"@id":"https:\/\/parentpossible.org\/about-us\/#primaryimage"},"image":{"@id":"https:\/\/parentpossible.org\/about-us\/#primaryimage"},"thumbnailUrl":"https:\/\/parentpossible.org\/wp-content\/uploads\/2022\/07\/PP-Hero-Images-02a.jpg","datePublished":"2016-09-21T03:25:29+00:00","dateModified":"2026-02-12T16:10:43+00:00","description":"Parent Possible has supported families for more than 30 years, helping Colorado children to thrive. Learn more about us","breadcrumb":{"@id":"https:\/\/parentpossible.org\/about-us\/#breadcrumb"},"inLanguage":"es","potentialAction":[{"@type":"ReadAction","target":["https:\/\/parentpossible.org\/about-us\/"]}]},{"@type":"ImageObject","inLanguage":"es","@id":"https:\/\/parentpossible.org\/about-us\/#primaryimage","url":"https:\/\/parentpossible.org\/wp-content\/uploads\/2022\/07\/PP-Hero-Images-02a.jpg","contentUrl":"https:\/\/parentpossible.org\/wp-content\/uploads\/2022\/07\/PP-Hero-Images-02a.jpg","width":1650,"height":525,"caption":"Home Visitor and child engaging"},{"@type":"BreadcrumbList","@id":"https:\/\/parentpossible.org\/about-us\/#breadcrumb","itemListElement":[{"@type":"ListItem","position":1,"name":"Home","item":"https:\/\/parentpossible.org\/"},{"@type":"ListItem","position":2,"name":"About Us"}]},{"@type":"WebSite","@id":"https:\/\/parentpossible.org\/#website","url":"https:\/\/parentpossible.org\/","name":"Parent Possible","description":"Stronger Families, Today and Tomorrow","potentialAction":[{"@type":"SearchAction","target":{"@type":"EntryPoint","urlTemplate":"https:\/\/parentpossible.org\/?s={search_term_string}"},"query-input":{"@type":"PropertyValueSpecification","valueRequired":true,"valueName":"search_term_string"}}],"inLanguage":"es"}]}},"_links":{"self":[{"href":"https:\/\/parentpossible.org\/es\/wp-json\/wp\/v2\/pages\/9","targetHints":{"allow":["GET"]}}],"collection":[{"href":"https:\/\/parentpossible.org\/es\/wp-json\/wp\/v2\/pages"}],"about":[{"href":"https:\/\/parentpossible.org\/es\/wp-json\/wp\/v2\/types\/page"}],"author":[{"embeddable":true,"href":"https:\/\/parentpossible.org\/es\/wp-json\/wp\/v2\/users\/1"}],"replies":[{"embeddable":true,"href":"https:\/\/parentpossible.org\/es\/wp-json\/wp\/v2\/comments?post=9"}],"version-history":[{"count":10,"href":"https:\/\/parentpossible.org\/es\/wp-json\/wp\/v2\/pages\/9\/revisions"}],"predecessor-version":[{"id":6090,"href":"https:\/\/parentpossible.org\/es\/wp-json\/wp\/v2\/pages\/9\/revisions\/6090"}],"wp:featuredmedia":[{"embeddable":true,"href":"https:\/\/parentpossible.org\/es\/wp-json\/wp\/v2\/media\/2816"}],"wp:attachment":[{"href":"https:\/\/parentpossible.org\/es\/wp-json\/wp\/v2\/media?parent=9"}],"curies":[{"name":"wp","href":"https:\/\/api.w.org\/{rel}","templated":true}]}}